{"id":578,"date":"2024-02-16T06:19:10","date_gmt":"2024-02-16T06:19:10","guid":{"rendered":"https:\/\/paracelbeachhotel.com\/?page_id=578"},"modified":"2024-04-16T08:10:25","modified_gmt":"2024-04-16T08:10:25","slug":"recreation","status":"publish","type":"page","link":"https:\/\/paracelbeachhotel.com\/vi\/recreation\/","title":{"rendered":"Ti\u1ec7n nghi"},"content":{"rendered":"<div data-elementor-type=\"wp-page\" data-elementor-id=\"578\" class=\"elementor elementor-578\" data-elementor-post-type=\"page\">\n\t\t\t\t\t\t\t<div class=\"has_ae_slider elementor-element elementor-element-6683bf2 e-con-full e-flex ae-bg-gallery-type-default e-con e-parent\" data-id=\"6683bf2\" data-element_type=\"container\" data-settings=\"{&quot;background_background&quot;:&quot;slideshow&quot;,&quot;content_width&quot;:&quot;full&quot;,&quot;background_slideshow_gallery&quot;:[{&quot;id&quot;:1212,&quot;url&quot;:&quot;https:\\\/\\\/paracelbeachhotel.com\\\/wp-content\\\/uploads\\\/2024\\\/02\\\/5-POOL-scaled.jpg&quot;}],&quot;background_slideshow_loop&quot;:&quot;yes&quot;,&quot;background_slideshow_slide_duration&quot;:5000,&quot;background_slideshow_slide_transition&quot;:&quot;fade&quot;,&quot;background_slideshow_transition_duration&quot;:500}\" data-core-v316-plus=\"true\">\n\t\t<div class=\"has_ae_slider elementor-element elementor-element-3a73fc1 e-flex e-con-boxed ae-bg-gallery-type-default e-con e-child\" data-id=\"3a73fc1\" data-element_type=\"container\" data-settings=\"{&quot;content_width&quot;:&quot;boxed&quot;}\">\n\t\t\t\t\t<div class=\"e-con-inner\">\n\t\t\t\t<div class=\"elementor-element elementor-element-92df899 elementor-widget elementor-widget-heading\" data-id=\"92df899\" data-element_type=\"widget\" data-widget_type=\"heading.default\">\n\t\t\t\t<div class=\"elementor-widget-container\">\n\t\t\t<style>\/*! elementor - v3.18.0 - 20-12-2023 *\/\n.elementor-heading-title{padding:0;margin:0;line-height:1}.elementor-widget-heading .elementor-heading-title[class*=elementor-size-]>a{color:inherit;font-size:inherit;line-height:inherit}.elementor-widget-heading .elementor-heading-title.elementor-size-small{font-size:15px}.elementor-widget-heading .elementor-heading-title.elementor-size-medium{font-size:19px}.elementor-widget-heading .elementor-heading-title.elementor-size-large{font-size:29px}.elementor-widget-heading .elementor-heading-title.elementor-size-xl{font-size:39px}.elementor-widget-heading .elementor-heading-title.elementor-size-xxl{font-size:59px}<\/style><h3 class=\"elementor-heading-title elementor-size-default\">KH\u00c1CH S\u1ea0N B\u00c3I BI\u1ec2N<\/h3>\t\t<\/div>\n\t\t\t\t<\/div>\n\t\t\t\t<div class=\"elementor-element elementor-element-d106aaf elementor-widget elementor-widget-heading\" data-id=\"d106aaf\" data-element_type=\"widget\" data-widget_type=\"heading.default\">\n\t\t\t\t<div class=\"elementor-widget-container\">\n\t\t\t<h1 class=\"elementor-heading-title elementor-size-default\">TI\u1ec6N NGHI<\/h1>\t\t<\/div>\n\t\t\t\t<\/div>\n\t\t\t\t\t<\/div>\n\t\t\t\t<\/div>\n\t\t\t\t<\/div>\n\t\t<div class=\"has_ae_slider elementor-element elementor-element-ff2c429 e-flex e-con-boxed ae-bg-gallery-type-default e-con e-parent\" data-id=\"ff2c429\" data-element_type=\"container\" data-settings=\"{&quot;content_width&quot;:&quot;boxed&quot;}\" data-core-v316-plus=\"true\">\n\t\t\t\t\t<div class=\"e-con-inner\">\n\t\t<div class=\"has_ae_slider elementor-element elementor-element-4013e62 e-con-full e-flex ae-bg-gallery-type-default e-con e-child\" data-id=\"4013e62\" data-element_type=\"container\" data-settings=\"{&quot;content_width&quot;:&quot;full&quot;,&quot;background_background&quot;:&quot;slideshow&quot;,&quot;background_slideshow_gallery&quot;:[{&quot;id&quot;:1251,&quot;url&quot;:&quot;https:\\\/\\\/paracelbeachhotel.com\\\/wp-content\\\/uploads\\\/2024\\\/02\\\/4-scaled.jpg&quot;},{&quot;id&quot;:1252,&quot;url&quot;:&quot;https:\\\/\\\/paracelbeachhotel.com\\\/wp-content\\\/uploads\\\/2024\\\/02\\\/2.jpg&quot;},{&quot;id&quot;:1253,&quot;url&quot;:&quot;https:\\\/\\\/paracelbeachhotel.com\\\/wp-content\\\/uploads\\\/2024\\\/02\\\/7-scaled.jpg&quot;},{&quot;id&quot;:1254,&quot;url&quot;:&quot;https:\\\/\\\/paracelbeachhotel.com\\\/wp-content\\\/uploads\\\/2024\\\/02\\\/8-scaled.jpg&quot;}],&quot;background_slideshow_loop&quot;:&quot;yes&quot;,&quot;background_slideshow_slide_duration&quot;:5000,&quot;background_slideshow_slide_transition&quot;:&quot;fade&quot;,&quot;background_slideshow_transition_duration&quot;:500}\">\n\t\t\t\t<\/div>\n\t\t<div class=\"has_ae_slider elementor-element elementor-element-c9243cb e-con-full e-flex ae-bg-gallery-type-default e-con e-child\" data-id=\"c9243cb\" data-element_type=\"container\" data-settings=\"{&quot;content_width&quot;:&quot;full&quot;}\">\n\t\t\t\t<div class=\"elementor-element elementor-element-65c79e9 elementor-widget elementor-widget-heading\" data-id=\"65c79e9\" data-element_type=\"widget\" data-widget_type=\"heading.default\">\n\t\t\t\t<div class=\"elementor-widget-container\">\n\t\t\t<h3 class=\"elementor-heading-title elementor-size-default\">KH\u00c1CH S\u1ea0N B\u00c3I BI\u1ec2N<\/h3>\t\t<\/div>\n\t\t\t\t<\/div>\n\t\t\t\t<div class=\"elementor-element elementor-element-19ae836 elementor-widget elementor-widget-heading\" data-id=\"19ae836\" data-element_type=\"widget\" data-widget_type=\"heading.default\">\n\t\t\t\t<div class=\"elementor-widget-container\">\n\t\t\t<h2 class=\"elementor-heading-title elementor-size-default\">H\u1ed9i Ngh\u1ecb V\u00e0 S\u1ef1 Ki\u1ec7n<\/h2>\t\t<\/div>\n\t\t\t\t<\/div>\n\t\t\t\t<div class=\"elementor-element elementor-element-f217191 elementor-widget elementor-widget-text-editor\" data-id=\"f217191\" data-element_type=\"widget\" data-widget_type=\"text-editor.default\">\n\t\t\t\t<div class=\"elementor-widget-container\">\n\t\t\t<style>\/*! elementor - v3.18.0 - 20-12-2023 *\/\n.elementor-widget-text-editor.elementor-drop-cap-view-stacked .elementor-drop-cap{background-color:#69727d;color:#fff}.elementor-widget-text-editor.elementor-drop-cap-view-framed .elementor-drop-cap{color:#69727d;border:3px solid;background-color:transparent}.elementor-widget-text-editor:not(.elementor-drop-cap-view-default) .elementor-drop-cap{margin-top:8px}.elementor-widget-text-editor:not(.elementor-drop-cap-view-default) .elementor-drop-cap-letter{width:1em;height:1em}.elementor-widget-text-editor .elementor-drop-cap{float:left;text-align:center;line-height:1;font-size:50px}.elementor-widget-text-editor .elementor-drop-cap-letter{display:inline-block}<\/style>\t\t\t\t<p>Kh\u00e1ch s\u1ea1n Paracel l\u00e0 n\u01a1i l\u00fd t\u01b0\u1edfng \u0111\u1ec3 c\u00e1c c\u00f4ng ty, \u0111o\u00e0n th\u1ec3 t\u1ed5 ch\u1ee9c c\u00e1c h\u1ed9i ngh\u1ecb, h\u1ed9i th\u1ea3o, tri\u1ec3n l\u00e3m trong n\u01b0\u1edbc ho\u1eb7c qu\u1ed1c t\u1ebf v\u1edbi nhi\u1ec1u ph\u00f2ng ch\u1ee9c n\u0103ng v\u00e0 trang thi\u1ebft b\u1ecb h\u1ed9i h\u1ecdp hi\u1ec7n \u0111\u1ea1i nh\u1ea5t mang \u0111\u1ebfn s\u1ef1 \u0111\u1eb3ng c\u1ea5p t\u1ed1t nh\u1ea5t cho c\u00e1c bu\u1ed5i h\u1ed9i th\u1ea3o.\u00a0<\/p>\t\t\t\t\t\t<\/div>\n\t\t\t\t<\/div>\n\t\t\t\t<div class=\"elementor-element elementor-element-8941a4c elementor-widget elementor-widget-button\" data-id=\"8941a4c\" data-element_type=\"widget\" data-widget_type=\"button.default\">\n\t\t\t\t<div class=\"elementor-widget-container\">\n\t\t\t\t\t<div class=\"elementor-button-wrapper\">\n\t\t\t<a class=\"elementor-button elementor-button-link elementor-size-sm\" href=\"https:\/\/paracelbeachhotel.com\/vi\/recreation\/conferences\/\">\n\t\t\t\t\t\t<span class=\"elementor-button-content-wrapper\">\n\t\t\t\t\t\t<span class=\"elementor-button-text\">Xem th\u00eam<\/span>\n\t\t<\/span>\n\t\t\t\t\t<\/a>\n\t\t<\/div>\n\t\t\t\t<\/div>\n\t\t\t\t<\/div>\n\t\t\t\t<\/div>\n\t\t\t\t\t<\/div>\n\t\t\t\t<\/div>\n\t\t<div class=\"has_ae_slider elementor-element elementor-element-e2eb0ac e-flex e-con-boxed ae-bg-gallery-type-default e-con e-parent\" data-id=\"e2eb0ac\" data-element_type=\"container\" data-settings=\"{&quot;content_width&quot;:&quot;boxed&quot;}\" data-core-v316-plus=\"true\">\n\t\t\t\t\t<div class=\"e-con-inner\">\n\t\t<div class=\"has_ae_slider elementor-element elementor-element-6038c49 e-con-full e-flex ae-bg-gallery-type-default e-con e-child\" data-id=\"6038c49\" data-element_type=\"container\" data-settings=\"{&quot;content_width&quot;:&quot;full&quot;}\">\n\t\t\t\t<div class=\"elementor-element elementor-element-a871c49 elementor-widget elementor-widget-heading\" data-id=\"a871c49\" data-element_type=\"widget\" data-widget_type=\"heading.default\">\n\t\t\t\t<div class=\"elementor-widget-container\">\n\t\t\t<h3 class=\"elementor-heading-title elementor-size-default\">KH\u00c1CH S\u1ea0N B\u00c3I BI\u1ec2N<\/h3>\t\t<\/div>\n\t\t\t\t<\/div>\n\t\t\t\t<div class=\"elementor-element elementor-element-71063f7 elementor-widget elementor-widget-heading\" data-id=\"71063f7\" data-element_type=\"widget\" data-widget_type=\"heading.default\">\n\t\t\t\t<div class=\"elementor-widget-container\">\n\t\t\t<h2 class=\"elementor-heading-title elementor-size-default\">B\u1ec3 B\u01a1i<\/h2>\t\t<\/div>\n\t\t\t\t<\/div>\n\t\t\t\t<div class=\"elementor-element elementor-element-2e181fe elementor-widget elementor-widget-text-editor\" data-id=\"2e181fe\" data-element_type=\"widget\" data-widget_type=\"text-editor.default\">\n\t\t\t\t<div class=\"elementor-widget-container\">\n\t\t\t\t\t\t\t<p>B\u1ec3 b\u01a1i n\u1eb1m \u1edf t\u1ea7ng 19 c\u1ee7a kh\u00e1ch s\u1ea1n. C\u00f3 ph\u1ee5c v\u1ee5 \u0111\u1ed3 \u0103n nh\u1eb9, \u0111\u1ed3 u\u1ed1ng c\u00e1c lo\u1ea1i theo y\u00eau c\u1ea7u c\u1ee7a du kh\u00e1ch khi s\u1eed d\u1ee5ng.<\/p><p>Gi\u1edd m\u1edf c\u1eeda: 10AM<\/p>\t\t\t\t\t\t<\/div>\n\t\t\t\t<\/div>\n\t\t\t\t<div class=\"elementor-element elementor-element-de90590 elementor-widget elementor-widget-button\" data-id=\"de90590\" data-element_type=\"widget\" data-widget_type=\"button.default\">\n\t\t\t\t<div class=\"elementor-widget-container\">\n\t\t\t\t\t<div class=\"elementor-button-wrapper\">\n\t\t\t<a class=\"elementor-button elementor-button-link elementor-size-sm\" href=\"https:\/\/paracelbeachhotel.com\/vi\/recreation\/swimming-pool\/\">\n\t\t\t\t\t\t<span class=\"elementor-button-content-wrapper\">\n\t\t\t\t\t\t<span class=\"elementor-button-text\">Xem th\u00eam<\/span>\n\t\t<\/span>\n\t\t\t\t\t<\/a>\n\t\t<\/div>\n\t\t\t\t<\/div>\n\t\t\t\t<\/div>\n\t\t\t\t<\/div>\n\t\t<div class=\"has_ae_slider elementor-element elementor-element-4a1b1ae e-con-full e-flex ae-bg-gallery-type-default e-con e-child\" data-id=\"4a1b1ae\" data-element_type=\"container\" data-settings=\"{&quot;content_width&quot;:&quot;full&quot;,&quot;background_background&quot;:&quot;slideshow&quot;,&quot;background_slideshow_gallery&quot;:[{&quot;id&quot;:1258,&quot;url&quot;:&quot;https:\\\/\\\/paracelbeachhotel.com\\\/wp-content\\\/uploads\\\/2024\\\/02\\\/7-POOL-scaled.jpg&quot;},{&quot;id&quot;:1259,&quot;url&quot;:&quot;https:\\\/\\\/paracelbeachhotel.com\\\/wp-content\\\/uploads\\\/2024\\\/02\\\/5-POOL-1-scaled.jpg&quot;},{&quot;id&quot;:1260,&quot;url&quot;:&quot;https:\\\/\\\/paracelbeachhotel.com\\\/wp-content\\\/uploads\\\/2024\\\/02\\\/6-POOL-scaled.jpg&quot;},{&quot;id&quot;:1261,&quot;url&quot;:&quot;https:\\\/\\\/paracelbeachhotel.com\\\/wp-content\\\/uploads\\\/2024\\\/02\\\/9-POOL.png&quot;}],&quot;background_slideshow_loop&quot;:&quot;yes&quot;,&quot;background_slideshow_slide_duration&quot;:5000,&quot;background_slideshow_slide_transition&quot;:&quot;fade&quot;,&quot;background_slideshow_transition_duration&quot;:500}\">\n\t\t\t\t<\/div>\n\t\t\t\t\t<\/div>\n\t\t\t\t<\/div>\n\t\t<div class=\"has_ae_slider elementor-element elementor-element-55144cd e-flex e-con-boxed ae-bg-gallery-type-default e-con e-parent\" data-id=\"55144cd\" data-element_type=\"container\" data-settings=\"{&quot;content_width&quot;:&quot;boxed&quot;}\" data-core-v316-plus=\"true\">\n\t\t\t\t\t<div class=\"e-con-inner\">\n\t\t<div class=\"has_ae_slider elementor-element elementor-element-247a016 e-con-full e-flex ae-bg-gallery-type-default e-con e-child\" data-id=\"247a016\" data-element_type=\"container\" data-settings=\"{&quot;content_width&quot;:&quot;full&quot;,&quot;background_background&quot;:&quot;slideshow&quot;,&quot;background_slideshow_gallery&quot;:[{&quot;id&quot;:1262,&quot;url&quot;:&quot;https:\\\/\\\/paracelbeachhotel.com\\\/wp-content\\\/uploads\\\/2024\\\/02\\\/Day-Spa.jpg&quot;}],&quot;background_slideshow_loop&quot;:&quot;yes&quot;,&quot;background_slideshow_slide_duration&quot;:5000,&quot;background_slideshow_slide_transition&quot;:&quot;fade&quot;,&quot;background_slideshow_transition_duration&quot;:500}\">\n\t\t\t\t<\/div>\n\t\t<div class=\"has_ae_slider elementor-element elementor-element-7db9381 e-con-full e-flex ae-bg-gallery-type-default e-con e-child\" data-id=\"7db9381\" data-element_type=\"container\" data-settings=\"{&quot;content_width&quot;:&quot;full&quot;}\">\n\t\t\t\t<div class=\"elementor-element elementor-element-1af8388 elementor-widget elementor-widget-heading\" data-id=\"1af8388\" data-element_type=\"widget\" data-widget_type=\"heading.default\">\n\t\t\t\t<div class=\"elementor-widget-container\">\n\t\t\t<h3 class=\"elementor-heading-title elementor-size-default\">KH\u00c1CH S\u1ea0N B\u00c3I BI\u1ec2N<\/h3>\t\t<\/div>\n\t\t\t\t<\/div>\n\t\t\t\t<div class=\"elementor-element elementor-element-447ada4 elementor-widget elementor-widget-heading\" data-id=\"447ada4\" data-element_type=\"widget\" data-widget_type=\"heading.default\">\n\t\t\t\t<div class=\"elementor-widget-container\">\n\t\t\t<h2 class=\"elementor-heading-title elementor-size-default\">Paracel Spa<\/h2>\t\t<\/div>\n\t\t\t\t<\/div>\n\t\t\t\t<div class=\"elementor-element elementor-element-02af36b elementor-widget elementor-widget-text-editor\" data-id=\"02af36b\" data-element_type=\"widget\" data-widget_type=\"text-editor.default\">\n\t\t\t\t<div class=\"elementor-widget-container\">\n\t\t\t\t\t\t\t<p>Paracel Spa h\u1ee9a h\u1eb9n s\u1ebd mang \u0111\u1ebfn cho b\u1ea1n nh\u1eefng g\u00f3i ch\u0103m s\u00f3c s\u1eafc \u0111\u1eb9p to\u00e0n di\u1ec7n, gi\u00fap b\u1ea1n th\u01b0 gi\u00e3n tho\u1ea3i m\u00e1i v\u00e0 c\u00f3 m\u1ed9t kho\u1ea3ng th\u1eddi gian tuy\u1ec7t v\u1eddi \u1edf \u0111\u00e2y.<\/p>\t\t\t\t\t\t<\/div>\n\t\t\t\t<\/div>\n\t\t\t\t<div class=\"elementor-element elementor-element-40b15e0 elementor-widget elementor-widget-button\" data-id=\"40b15e0\" data-element_type=\"widget\" data-widget_type=\"button.default\">\n\t\t\t\t<div class=\"elementor-widget-container\">\n\t\t\t\t\t<div class=\"elementor-button-wrapper\">\n\t\t\t<a class=\"elementor-button elementor-button-link elementor-size-sm\" href=\"https:\/\/paracelbeachhotel.com\/vi\/recreation\/spa-massage\/\">\n\t\t\t\t\t\t<span class=\"elementor-button-content-wrapper\">\n\t\t\t\t\t\t<span class=\"elementor-button-text\">Xem th\u00eam<\/span>\n\t\t<\/span>\n\t\t\t\t\t<\/a>\n\t\t<\/div>\n\t\t\t\t<\/div>\n\t\t\t\t<\/div>\n\t\t\t\t<\/div>\n\t\t\t\t\t<\/div>\n\t\t\t\t<\/div>\n\t\t<div class=\"has_ae_slider elementor-element elementor-element-8675100 e-flex e-con-boxed ae-bg-gallery-type-default e-con e-parent\" data-id=\"8675100\" data-element_type=\"container\" data-settings=\"{&quot;content_width&quot;:&quot;boxed&quot;}\" data-core-v316-plus=\"true\">\n\t\t\t\t\t<div class=\"e-con-inner\">\n\t\t<div class=\"has_ae_slider elementor-element elementor-element-ea6b902 e-con-full e-flex ae-bg-gallery-type-default e-con e-child\" data-id=\"ea6b902\" data-element_type=\"container\" data-settings=\"{&quot;content_width&quot;:&quot;full&quot;}\">\n\t\t\t\t<div class=\"elementor-element elementor-element-bd5fd5a elementor-widget elementor-widget-heading\" data-id=\"bd5fd5a\" data-element_type=\"widget\" data-widget_type=\"heading.default\">\n\t\t\t\t<div class=\"elementor-widget-container\">\n\t\t\t<h3 class=\"elementor-heading-title elementor-size-default\">KH\u00c1CH S\u1ea0N B\u00c3I BI\u1ec2N<\/h3>\t\t<\/div>\n\t\t\t\t<\/div>\n\t\t\t\t<div class=\"elementor-element elementor-element-93f9ab8 elementor-widget elementor-widget-heading\" data-id=\"93f9ab8\" data-element_type=\"widget\" data-widget_type=\"heading.default\">\n\t\t\t\t<div class=\"elementor-widget-container\">\n\t\t\t<h2 class=\"elementor-heading-title elementor-size-default\">Gym - Fitness<\/h2>\t\t<\/div>\n\t\t\t\t<\/div>\n\t\t\t\t<div class=\"elementor-element elementor-element-a431ad1 elementor-widget elementor-widget-text-editor\" data-id=\"a431ad1\" data-element_type=\"widget\" data-widget_type=\"text-editor.default\">\n\t\t\t\t<div class=\"elementor-widget-container\">\n\t\t\t\t\t\t\t<p>\u0110\u01b0\u1ee3c trang b\u1ecb nhi\u1ec1u lo\u1ea1i m\u00e1y t\u1eadp luy\u1ec7n s\u1ee9c kh\u1ecfe v\u00e0 m\u00e1y \u0111o s\u1ee9c kh\u1ecfe hi\u1ec7n \u0111\u1ea1i. B\u1ea1n s\u1ebd c\u00f3 th\u1eddi gian luy\u1ec7n t\u1eadp v\u00e0 duy tr\u00ec th\u00f3i quen s\u1ee9c kh\u1ecfe t\u1ed1t h\u01a1n v\u1edbi c\u00e1c hu\u1ea5n luy\u1ec7n vi\u00ean gi\u00e0u kinh nghi\u1ec7m c\u1ee7a ch\u00fang t\u00f4i, nh\u1eefng ng\u01b0\u1eddi s\u1ebd t\u01b0 v\u1ea5n cho b\u1ea1n th\u1ef1c hi\u1ec7n c\u00e1c b\u00e0i t\u1eadp h\u1eefu \u00edch.<\/p><p>V\u1ecb tr\u00ed - T\u1ea7ng 19<\/p><p>Gi\u1edd ho\u1ea1t \u0111\u1ed9ng: 5:30 s\u00e1ng \u2013 9:00 t\u1ed1i<\/p>\t\t\t\t\t\t<\/div>\n\t\t\t\t<\/div>\n\t\t\t\t<div class=\"elementor-element elementor-element-80983d6 elementor-widget elementor-widget-button\" data-id=\"80983d6\" data-element_type=\"widget\" data-widget_type=\"button.default\">\n\t\t\t\t<div class=\"elementor-widget-container\">\n\t\t\t\t\t<div class=\"elementor-button-wrapper\">\n\t\t\t<a class=\"elementor-button elementor-button-link elementor-size-sm\" href=\"https:\/\/paracelbeachhotel.com\/vi\/recreation\/gym\/\">\n\t\t\t\t\t\t<span class=\"elementor-button-content-wrapper\">\n\t\t\t\t\t\t<span class=\"elementor-button-text\">Xem th\u00eam<\/span>\n\t\t<\/span>\n\t\t\t\t\t<\/a>\n\t\t<\/div>\n\t\t\t\t<\/div>\n\t\t\t\t<\/div>\n\t\t\t\t<\/div>\n\t\t<div class=\"has_ae_slider elementor-element elementor-element-239aa20 e-con-full e-flex ae-bg-gallery-type-default e-con e-child\" data-id=\"239aa20\" data-element_type=\"container\" data-settings=\"{&quot;content_width&quot;:&quot;full&quot;,&quot;background_background&quot;:&quot;slideshow&quot;,&quot;background_slideshow_gallery&quot;:[{&quot;id&quot;:1266,&quot;url&quot;:&quot;https:\\\/\\\/paracelbeachhotel.com\\\/wp-content\\\/uploads\\\/2024\\\/02\\\/Gym5.jpg&quot;},{&quot;id&quot;:1268,&quot;url&quot;:&quot;https:\\\/\\\/paracelbeachhotel.com\\\/wp-content\\\/uploads\\\/2024\\\/02\\\/Gym0-scaled.jpg&quot;},{&quot;id&quot;:1272,&quot;url&quot;:&quot;https:\\\/\\\/paracelbeachhotel.com\\\/wp-content\\\/uploads\\\/2024\\\/02\\\/Gym3.jpg&quot;},{&quot;id&quot;:1273,&quot;url&quot;:&quot;https:\\\/\\\/paracelbeachhotel.com\\\/wp-content\\\/uploads\\\/2024\\\/02\\\/Gym2.jpg&quot;}],&quot;background_slideshow_loop&quot;:&quot;yes&quot;,&quot;background_slideshow_slide_duration&quot;:5000,&quot;background_slideshow_slide_transition&quot;:&quot;fade&quot;,&quot;background_slideshow_transition_duration&quot;:500}\">\n\t\t\t\t<\/div>\n\t\t\t\t\t<\/div>\n\t\t\t\t<\/div>\n\t\t\t\t\t\t\t<\/div>","protected":false},"excerpt":{"rendered":"<p>PARACEL BEACH HOTEL FACILITIES PARACEL BEACH HOTEL Conferences &#038; Events Paracel Hotel is an ideal place for companies and unions to organize domestic or international conferences, seminars and exhibitions with many functional rooms and the most modern meeting facilities to bring the best class for workshops.\u00a0 Discover more PARACEL BEACH HOTEL Swimming Pool 19th floor [&hellip;]<\/p>","protected":false},"author":1,"featured_media":0,"parent":0,"menu_order":0,"comment_status":"closed","ping_status":"closed","template":"elementor_header_footer","meta":{"footnotes":""},"class_list":["post-578","page","type-page","status-publish","hentry"],"acf":[],"yoast_head":"<!-- This site is optimized with the Yoast SEO plugin v22.1 - https:\/\/yoast.com\/wordpress\/plugins\/seo\/ -->\n<title>Facilities - Paracel Beach Hotel Da Nang<\/title>\n<meta name=\"robots\" content=\"index, follow, max-snippet:-1, max-image-preview:large, max-video-preview:-1\" \/>\n<link rel=\"canonical\" href=\"https:\/\/paracelbeachhotel.com\/vi\/recreation\/\" \/>\n<meta property=\"og:locale\" content=\"vi_VN\" \/>\n<meta property=\"og:type\" content=\"article\" \/>\n<meta property=\"og:title\" content=\"Facilities - Paracel Beach Hotel Da Nang\" \/>\n<meta property=\"og:description\" content=\"PARACEL BEACH HOTEL FACILITIES PARACEL BEACH HOTEL Conferences &#038; Events Paracel Hotel is an ideal place for companies and unions to organize domestic or international conferences, seminars and exhibitions with many functional rooms and the most modern meeting facilities to bring the best class for workshops.\u00a0 Discover more PARACEL BEACH HOTEL Swimming Pool 19th floor [&hellip;]\" \/>\n<meta property=\"og:url\" content=\"https:\/\/paracelbeachhotel.com\/vi\/recreation\/\" \/>\n<meta property=\"og:site_name\" content=\"Paracel Beach Hotel Da Nang\" \/>\n<meta property=\"article:modified_time\" content=\"2024-04-16T08:10:25+00:00\" \/>\n<meta name=\"twitter:card\" content=\"summary_large_image\" \/>\n<meta name=\"twitter:label1\" content=\"\u01af\u1edbc t\u00ednh th\u1eddi gian \u0111\u1ecdc\" \/>\n\t<meta name=\"twitter:data1\" content=\"1 ph\u00fat\" \/>\n<script type=\"application\/ld+json\" class=\"yoast-schema-graph\">{\"@context\":\"https:\/\/schema.org\",\"@graph\":[{\"@type\":\"WebPage\",\"@id\":\"https:\/\/paracelbeachhotel.com\/recreation\/\",\"url\":\"https:\/\/paracelbeachhotel.com\/recreation\/\",\"name\":\"Facilities - Paracel Beach Hotel Da Nang\",\"isPartOf\":{\"@id\":\"https:\/\/paracelbeachhotel.com\/#website\"},\"datePublished\":\"2024-02-16T06:19:10+00:00\",\"dateModified\":\"2024-04-16T08:10:25+00:00\",\"breadcrumb\":{\"@id\":\"https:\/\/paracelbeachhotel.com\/recreation\/#breadcrumb\"},\"inLanguage\":\"vi\",\"potentialAction\":[{\"@type\":\"ReadAction\",\"target\":[\"https:\/\/paracelbeachhotel.com\/recreation\/\"]}]},{\"@type\":\"BreadcrumbList\",\"@id\":\"https:\/\/paracelbeachhotel.com\/recreation\/#breadcrumb\",\"itemListElement\":[{\"@type\":\"ListItem\",\"position\":1,\"name\":\"Home\",\"item\":\"https:\/\/paracelbeachhotel.com\/\"},{\"@type\":\"ListItem\",\"position\":2,\"name\":\"Facilities\"}]},{\"@type\":\"WebSite\",\"@id\":\"https:\/\/paracelbeachhotel.com\/#website\",\"url\":\"https:\/\/paracelbeachhotel.com\/\",\"name\":\"Paracel Beach Hotel Da Nang\",\"description\":\"T\u1eacN H\u01af\u1edeNG K\u1ef2 NGH\u1ec8 V\u00c0NG\",\"publisher\":{\"@id\":\"https:\/\/paracelbeachhotel.com\/#organization\"},\"potentialAction\":[{\"@type\":\"SearchAction\",\"target\":{\"@type\":\"EntryPoint\",\"urlTemplate\":\"https:\/\/paracelbeachhotel.com\/?s={search_term_string}\"},\"query-input\":\"required name=search_term_string\"}],\"inLanguage\":\"vi\"},{\"@type\":\"Organization\",\"@id\":\"https:\/\/paracelbeachhotel.com\/#organization\",\"name\":\"Paracel Beach Hotel Da Nang\",\"url\":\"https:\/\/paracelbeachhotel.com\/\",\"logo\":{\"@type\":\"ImageObject\",\"inLanguage\":\"vi\",\"@id\":\"https:\/\/paracelbeachhotel.com\/#\/schema\/logo\/image\/\",\"url\":\"https:\/\/paracelbeachhotel.com\/wp-content\/uploads\/2024\/02\/cropped-Paracel-Logo.png\",\"contentUrl\":\"https:\/\/paracelbeachhotel.com\/wp-content\/uploads\/2024\/02\/cropped-Paracel-Logo.png\",\"width\":363,\"height\":210,\"caption\":\"Paracel Beach Hotel Da Nang\"},\"image\":{\"@id\":\"https:\/\/paracelbeachhotel.com\/#\/schema\/logo\/image\/\"}}]}<\/script>\n<!-- \/ Yoast SEO plugin. -->","yoast_head_json":{"title":"Facilities - Paracel Beach Hotel Da Nang","robots":{"index":"index","follow":"follow","max-snippet":"max-snippet:-1","max-image-preview":"max-image-preview:large","max-video-preview":"max-video-preview:-1"},"canonical":"https:\/\/paracelbeachhotel.com\/vi\/recreation\/","og_locale":"vi_VN","og_type":"article","og_title":"Facilities - Paracel Beach Hotel Da Nang","og_description":"PARACEL BEACH HOTEL FACILITIES PARACEL BEACH HOTEL Conferences &#038; Events Paracel Hotel is an ideal place for companies and unions to organize domestic or international conferences, seminars and exhibitions with many functional rooms and the most modern meeting facilities to bring the best class for workshops.\u00a0 Discover more PARACEL BEACH HOTEL Swimming Pool 19th floor [&hellip;]","og_url":"https:\/\/paracelbeachhotel.com\/vi\/recreation\/","og_site_name":"Paracel Beach Hotel Da Nang","article_modified_time":"2024-04-16T08:10:25+00:00","twitter_card":"summary_large_image","twitter_misc":{"\u01af\u1edbc t\u00ednh th\u1eddi gian \u0111\u1ecdc":"1 ph\u00fat"},"schema":{"@context":"https:\/\/schema.org","@graph":[{"@type":"WebPage","@id":"https:\/\/paracelbeachhotel.com\/recreation\/","url":"https:\/\/paracelbeachhotel.com\/recreation\/","name":"Facilities - Paracel Beach Hotel Da Nang","isPartOf":{"@id":"https:\/\/paracelbeachhotel.com\/#website"},"datePublished":"2024-02-16T06:19:10+00:00","dateModified":"2024-04-16T08:10:25+00:00","breadcrumb":{"@id":"https:\/\/paracelbeachhotel.com\/recreation\/#breadcrumb"},"inLanguage":"vi","potentialAction":[{"@type":"ReadAction","target":["https:\/\/paracelbeachhotel.com\/recreation\/"]}]},{"@type":"BreadcrumbList","@id":"https:\/\/paracelbeachhotel.com\/recreation\/#breadcrumb","itemListElement":[{"@type":"ListItem","position":1,"name":"Home","item":"https:\/\/paracelbeachhotel.com\/"},{"@type":"ListItem","position":2,"name":"Facilities"}]},{"@type":"WebSite","@id":"https:\/\/paracelbeachhotel.com\/#website","url":"https:\/\/paracelbeachhotel.com\/","name":"Paracel Beach Hotel Da Nang","description":"T\u1eacN H\u01af\u1edeNG K\u1ef2 NGH\u1ec8 V\u00c0NG","publisher":{"@id":"https:\/\/paracelbeachhotel.com\/#organization"},"potentialAction":[{"@type":"SearchAction","target":{"@type":"EntryPoint","urlTemplate":"https:\/\/paracelbeachhotel.com\/?s={search_term_string}"},"query-input":"required name=search_term_string"}],"inLanguage":"vi"},{"@type":"Organization","@id":"https:\/\/paracelbeachhotel.com\/#organization","name":"Paracel Beach Hotel Da Nang","url":"https:\/\/paracelbeachhotel.com\/","logo":{"@type":"ImageObject","inLanguage":"vi","@id":"https:\/\/paracelbeachhotel.com\/#\/schema\/logo\/image\/","url":"https:\/\/paracelbeachhotel.com\/wp-content\/uploads\/2024\/02\/cropped-Paracel-Logo.png","contentUrl":"https:\/\/paracelbeachhotel.com\/wp-content\/uploads\/2024\/02\/cropped-Paracel-Logo.png","width":363,"height":210,"caption":"Paracel Beach Hotel Da Nang"},"image":{"@id":"https:\/\/paracelbeachhotel.com\/#\/schema\/logo\/image\/"}}]}},"_links":{"self":[{"href":"https:\/\/paracelbeachhotel.com\/vi\/wp-json\/wp\/v2\/pages\/578","targetHints":{"allow":["GET"]}}],"collection":[{"href":"https:\/\/paracelbeachhotel.com\/vi\/wp-json\/wp\/v2\/pages"}],"about":[{"href":"https:\/\/paracelbeachhotel.com\/vi\/wp-json\/wp\/v2\/types\/page"}],"author":[{"embeddable":true,"href":"https:\/\/paracelbeachhotel.com\/vi\/wp-json\/wp\/v2\/users\/1"}],"replies":[{"embeddable":true,"href":"https:\/\/paracelbeachhotel.com\/vi\/wp-json\/wp\/v2\/comments?post=578"}],"version-history":[{"count":130,"href":"https:\/\/paracelbeachhotel.com\/vi\/wp-json\/wp\/v2\/pages\/578\/revisions"}],"predecessor-version":[{"id":2042,"href":"https:\/\/paracelbeachhotel.com\/vi\/wp-json\/wp\/v2\/pages\/578\/revisions\/2042"}],"wp:attachment":[{"href":"https:\/\/paracelbeachhotel.com\/vi\/wp-json\/wp\/v2\/media?parent=578"}],"curies":[{"name":"wp","href":"https:\/\/api.w.org\/{rel}","templated":true}]}}