{"id":1324,"date":"2024-02-29T07:56:09","date_gmt":"2024-02-29T07:56:09","guid":{"rendered":"https:\/\/paracelbeachhotel.com\/?page_id=1324"},"modified":"2024-04-06T05:56:04","modified_gmt":"2024-04-06T05:56:04","slug":"gym","status":"publish","type":"page","link":"https:\/\/paracelbeachhotel.com\/vi\/recreation\/gym\/","title":{"rendered":"Gym &#8211; Fitness &#038; Yoga"},"content":{"rendered":"<div data-elementor-type=\"wp-page\" data-elementor-id=\"1324\" class=\"elementor elementor-1324\" data-elementor-post-type=\"page\">\n\t\t\t\t\t\t\t<div class=\"has_ae_slider elementor-element elementor-element-9dbb9df e-con-full e-flex ae-bg-gallery-type-default e-con e-parent\" data-id=\"9dbb9df\" data-element_type=\"container\" data-settings=\"{&quot;background_background&quot;:&quot;slideshow&quot;,&quot;content_width&quot;:&quot;full&quot;,&quot;background_slideshow_gallery&quot;:[{&quot;id&quot;:1273,&quot;url&quot;:&quot;https:\\\/\\\/paracelbeachhotel.com\\\/wp-content\\\/uploads\\\/2024\\\/02\\\/Gym2.jpg&quot;}],&quot;background_slideshow_loop&quot;:&quot;yes&quot;,&quot;background_slideshow_slide_duration&quot;:5000,&quot;background_slideshow_slide_transition&quot;:&quot;fade&quot;,&quot;background_slideshow_transition_duration&quot;:500}\" data-core-v316-plus=\"true\">\n\t\t<div class=\"has_ae_slider elementor-element elementor-element-b237df2 e-flex e-con-boxed ae-bg-gallery-type-default e-con e-child\" data-id=\"b237df2\" data-element_type=\"container\" data-settings=\"{&quot;content_width&quot;:&quot;boxed&quot;}\">\n\t\t\t\t\t<div class=\"e-con-inner\">\n\t\t\t\t<div class=\"elementor-element elementor-element-eb53938 elementor-widget elementor-widget-heading\" data-id=\"eb53938\" data-element_type=\"widget\" data-widget_type=\"heading.default\">\n\t\t\t\t<div class=\"elementor-widget-container\">\n\t\t\t<style>\/*! elementor - v3.18.0 - 20-12-2023 *\/\n.elementor-heading-title{padding:0;margin:0;line-height:1}.elementor-widget-heading .elementor-heading-title[class*=elementor-size-]>a{color:inherit;font-size:inherit;line-height:inherit}.elementor-widget-heading .elementor-heading-title.elementor-size-small{font-size:15px}.elementor-widget-heading .elementor-heading-title.elementor-size-medium{font-size:19px}.elementor-widget-heading .elementor-heading-title.elementor-size-large{font-size:29px}.elementor-widget-heading .elementor-heading-title.elementor-size-xl{font-size:39px}.elementor-widget-heading .elementor-heading-title.elementor-size-xxl{font-size:59px}<\/style><h3 class=\"elementor-heading-title elementor-size-default\">SA \u0110\u00c0 N\u1eb4NG<\/h3>\t\t<\/div>\n\t\t\t\t<\/div>\n\t\t\t\t<div class=\"elementor-element elementor-element-329c34d elementor-widget elementor-widget-heading\" data-id=\"329c34d\" data-element_type=\"widget\" data-widget_type=\"heading.default\">\n\t\t\t\t<div class=\"elementor-widget-container\">\n\t\t\t<h1 class=\"elementor-heading-title elementor-size-default\">Gym &#8211; Fitness &#038; Yoga<\/h1>\t\t<\/div>\n\t\t\t\t<\/div>\n\t\t\t\t\t<\/div>\n\t\t\t\t<\/div>\n\t\t\t\t<\/div>\n\t\t<div class=\"has_ae_slider elementor-element elementor-element-6b81f5e e-flex e-con-boxed ae-bg-gallery-type-default e-con e-parent\" data-id=\"6b81f5e\" data-element_type=\"container\" data-settings=\"{&quot;content_width&quot;:&quot;boxed&quot;}\" data-core-v316-plus=\"true\">\n\t\t\t\t\t<div class=\"e-con-inner\">\n\t\t<div class=\"has_ae_slider elementor-element elementor-element-645ae30 e-con-full e-flex ae-bg-gallery-type-default e-con e-child\" data-id=\"645ae30\" data-element_type=\"container\" data-settings=\"{&quot;content_width&quot;:&quot;full&quot;,&quot;background_background&quot;:&quot;classic&quot;}\">\n\t\t\t\t<\/div>\n\t\t<div class=\"has_ae_slider elementor-element elementor-element-cf69cc3 e-con-full e-flex ae-bg-gallery-type-default e-con e-child\" data-id=\"cf69cc3\" data-element_type=\"container\" data-settings=\"{&quot;content_width&quot;:&quot;full&quot;}\">\n\t\t\t\t<div class=\"elementor-element elementor-element-a5e1dec elementor-widget elementor-widget-heading\" data-id=\"a5e1dec\" data-element_type=\"widget\" data-widget_type=\"heading.default\">\n\t\t\t\t<div class=\"elementor-widget-container\">\n\t\t\t<h2 class=\"elementor-heading-title elementor-size-default\">Gym &#8211; Fitness &#038; Yoga<\/h2>\t\t<\/div>\n\t\t\t\t<\/div>\n\t\t\t\t<div class=\"elementor-element elementor-element-0e5f254 elementor-widget elementor-widget-text-editor\" data-id=\"0e5f254\" data-element_type=\"widget\" data-widget_type=\"text-editor.default\">\n\t\t\t\t<div class=\"elementor-widget-container\">\n\t\t\t<style>\/*! elementor - v3.18.0 - 20-12-2023 *\/\n.elementor-widget-text-editor.elementor-drop-cap-view-stacked .elementor-drop-cap{background-color:#69727d;color:#fff}.elementor-widget-text-editor.elementor-drop-cap-view-framed .elementor-drop-cap{color:#69727d;border:3px solid;background-color:transparent}.elementor-widget-text-editor:not(.elementor-drop-cap-view-default) .elementor-drop-cap{margin-top:8px}.elementor-widget-text-editor:not(.elementor-drop-cap-view-default) .elementor-drop-cap-letter{width:1em;height:1em}.elementor-widget-text-editor .elementor-drop-cap{float:left;text-align:center;line-height:1;font-size:50px}.elementor-widget-text-editor .elementor-drop-cap-letter{display:inline-block}<\/style>\t\t\t\t<p>Th\u1eddi gian ho\u1ea1t \u0111\u1ed9ng: 5h30 s\u00e1ng \u2013 9h t\u1ed1i<br \/><br \/>\u0110\u01b0\u1ee3c trang b\u1ecb nhi\u1ec1u lo\u1ea1i m\u00e1y t\u1eadp luy\u1ec7n s\u1ee9c kh\u1ecfe v\u00e0 m\u00e1y \u0111o s\u1ee9c kh\u1ecfe hi\u1ec7n \u0111\u1ea1i. B\u1ea1n s\u1ebd c\u00f3 th\u1eddi gian luy\u1ec7n t\u1eadp v\u00e0 duy tr\u00ec th\u00f3i quen s\u1ee9c kh\u1ecfe t\u1ed1t h\u01a1n v\u1edbi c\u00e1c hu\u1ea5n luy\u1ec7n vi\u00ean gi\u00e0u kinh nghi\u1ec7m c\u1ee7a ch\u00fang t\u00f4i, nh\u1eefng ng\u01b0\u1eddi s\u1ebd t\u01b0 v\u1ea5n cho b\u1ea1n th\u1ef1c hi\u1ec7n c\u00e1c b\u00e0i t\u1eadp h\u1eefu \u00edch.<\/p>\t\t\t\t\t\t<\/div>\n\t\t\t\t<\/div>\n\t\t\t\t<\/div>\n\t\t\t\t\t<\/div>\n\t\t\t\t<\/div>\n\t\t<div class=\"has_ae_slider elementor-element elementor-element-b06ccd1 e-con-full e-flex ae-bg-gallery-type-default e-con e-parent\" data-id=\"b06ccd1\" data-element_type=\"container\" data-settings=\"{&quot;background_background&quot;:&quot;classic&quot;,&quot;content_width&quot;:&quot;full&quot;}\" data-core-v316-plus=\"true\">\n\t\t\t\t<div class=\"elementor-element elementor-element-8a82866 elementor-arrows-position-inside elementor-pagination-position-outside elementor-widget elementor-widget-image-carousel\" data-id=\"8a82866\" data-element_type=\"widget\" data-settings=\"{&quot;navigation&quot;:&quot;both&quot;,&quot;autoplay&quot;:&quot;yes&quot;,&quot;pause_on_hover&quot;:&quot;yes&quot;,&quot;pause_on_interaction&quot;:&quot;yes&quot;,&quot;autoplay_speed&quot;:5000,&quot;infinite&quot;:&quot;yes&quot;,&quot;speed&quot;:500}\" data-widget_type=\"image-carousel.default\">\n\t\t\t\t<div class=\"elementor-widget-container\">\n\t\t\t<style>\/*! elementor - v3.18.0 - 20-12-2023 *\/\n.elementor-widget-image-carousel .swiper,.elementor-widget-image-carousel .swiper-container{position:static}.elementor-widget-image-carousel .swiper-container .swiper-slide figure,.elementor-widget-image-carousel .swiper .swiper-slide figure{line-height:inherit}.elementor-widget-image-carousel .swiper-slide{text-align:center}.elementor-image-carousel-wrapper:not(.swiper-container-initialized):not(.swiper-initialized) .swiper-slide{max-width:calc(100% \/ var(--e-image-carousel-slides-to-show, 3))}<\/style>\t\t<div class=\"elementor-image-carousel-wrapper swiper\" dir=\"ltr\">\n\t\t\t<div class=\"elementor-image-carousel swiper-wrapper\" aria-live=\"off\">\n\t\t\t\t\t\t\t\t<div class=\"swiper-slide\" role=\"group\" aria-roledescription=\"slide\" aria-label=\"1 of 4\"><figure class=\"swiper-slide-inner\"><img decoding=\"async\" class=\"swiper-slide-image\" src=\"https:\/\/paracelbeachhotel.com\/wp-content\/uploads\/2024\/02\/Gym2.jpg\" alt=\"Gym2\" \/><\/figure><\/div><div class=\"swiper-slide\" role=\"group\" aria-roledescription=\"slide\" aria-label=\"2 of 4\"><figure class=\"swiper-slide-inner\"><img decoding=\"async\" class=\"swiper-slide-image\" src=\"https:\/\/paracelbeachhotel.com\/wp-content\/uploads\/2024\/02\/Gym3.jpg\" alt=\"Gym3\" \/><\/figure><\/div><div class=\"swiper-slide\" role=\"group\" aria-roledescription=\"slide\" aria-label=\"3 of 4\"><figure class=\"swiper-slide-inner\"><img decoding=\"async\" class=\"swiper-slide-image\" src=\"https:\/\/paracelbeachhotel.com\/wp-content\/uploads\/2024\/02\/Gym0-1024x683.jpg\" alt=\"Gym0\" \/><\/figure><\/div><div class=\"swiper-slide\" role=\"group\" aria-roledescription=\"slide\" aria-label=\"4 of 4\"><figure class=\"swiper-slide-inner\"><img decoding=\"async\" class=\"swiper-slide-image\" src=\"https:\/\/paracelbeachhotel.com\/wp-content\/uploads\/2024\/02\/Gym5.jpg\" alt=\"Gym5\" \/><\/figure><\/div>\t\t\t<\/div>\n\t\t\t\t\t\t\t\t\t\t\t\t<div class=\"elementor-swiper-button elementor-swiper-button-prev\" role=\"button\" tabindex=\"0\">\n\t\t\t\t\t\t<svg aria-hidden=\"true\" class=\"e-font-icon-svg e-eicon-chevron-left\" viewbox=\"0 0 1000 1000\" xmlns=\"http:\/\/www.w3.org\/2000\/svg\"><path d=\"M646 125C629 125 613 133 604 142L308 442C296 454 292 471 292 487 292 504 296 521 308 533L604 854C617 867 629 875 646 875 663 875 679 871 692 858 704 846 713 829 713 812 713 796 708 779 692 767L438 487 692 225C700 217 708 204 708 187 708 171 704 154 692 142 675 129 663 125 646 125Z\"><\/path><\/svg>\t\t\t\t\t<\/div>\n\t\t\t\t\t<div class=\"elementor-swiper-button elementor-swiper-button-next\" role=\"button\" tabindex=\"0\">\n\t\t\t\t\t\t<svg aria-hidden=\"true\" class=\"e-font-icon-svg e-eicon-chevron-right\" viewbox=\"0 0 1000 1000\" xmlns=\"http:\/\/www.w3.org\/2000\/svg\"><path d=\"M696 533C708 521 713 504 713 487 713 471 708 454 696 446L400 146C388 133 375 125 354 125 338 125 325 129 313 142 300 154 292 171 292 187 292 204 296 221 308 233L563 492 304 771C292 783 288 800 288 817 288 833 296 850 308 863 321 871 338 875 354 875 371 875 388 867 400 854L696 533Z\"><\/path><\/svg>\t\t\t\t\t<\/div>\n\t\t\t\t\n\t\t\t\t\t\t\t\t\t<div class=\"swiper-pagination\"><\/div>\n\t\t\t\t\t\t\t\t\t<\/div>\n\t\t\t\t<\/div>\n\t\t\t\t<\/div>\n\t\t\t\t<\/div>\n\t\t\t\t\t\t\t<\/div>","protected":false},"excerpt":{"rendered":"<p>PARACEL DANANG HOTEL Operation time: 5.30 A.M &#8211; 9.00 P.M Equipped with a variety of modern health training machines and health gauges. You will have time to practice and maintain better health habits with our experienced coaches who will advise you to perform useful exercises.<\/p>","protected":false},"author":1,"featured_media":0,"parent":578,"menu_order":0,"comment_status":"closed","ping_status":"closed","template":"elementor_header_footer","meta":{"footnotes":""},"class_list":["post-1324","page","type-page","status-publish","hentry"],"acf":[],"yoast_head":"<!-- This site is optimized with the Yoast SEO plugin v22.1 - https:\/\/yoast.com\/wordpress\/plugins\/seo\/ -->\n<title>Gym - Fitness &amp; Yoga - Paracel Beach Hotel Da Nang<\/title>\n<meta name=\"robots\" content=\"index, follow, max-snippet:-1, max-image-preview:large, max-video-preview:-1\" \/>\n<link rel=\"canonical\" href=\"https:\/\/paracelbeachhotel.com\/vi\/recreation\/gym\/\" \/>\n<meta property=\"og:locale\" content=\"vi_VN\" \/>\n<meta property=\"og:type\" content=\"article\" \/>\n<meta property=\"og:title\" content=\"Gym - Fitness &amp; Yoga - Paracel Beach Hotel Da Nang\" \/>\n<meta property=\"og:description\" content=\"PARACEL DANANG HOTEL Operation time: 5.30 A.M &#8211; 9.00 P.M Equipped with a variety of modern health training machines and health gauges. You will have time to practice and maintain better health habits with our experienced coaches who will advise you to perform useful exercises.\" \/>\n<meta property=\"og:url\" content=\"https:\/\/paracelbeachhotel.com\/vi\/recreation\/gym\/\" \/>\n<meta property=\"og:site_name\" content=\"Paracel Beach Hotel Da Nang\" \/>\n<meta property=\"article:modified_time\" content=\"2024-04-06T05:56:04+00:00\" \/>\n<meta property=\"og:image\" content=\"https:\/\/paracelbeachhotel.com\/wp-content\/uploads\/2024\/02\/Gym2.jpg\" \/>\n<meta name=\"twitter:card\" content=\"summary_large_image\" \/>\n<meta name=\"twitter:label1\" content=\"\u01af\u1edbc t\u00ednh th\u1eddi gian \u0111\u1ecdc\" \/>\n\t<meta name=\"twitter:data1\" content=\"3 ph\u00fat\" \/>\n<script type=\"application\/ld+json\" class=\"yoast-schema-graph\">{\"@context\":\"https:\/\/schema.org\",\"@graph\":[{\"@type\":\"WebPage\",\"@id\":\"https:\/\/paracelbeachhotel.com\/recreation\/gym\/\",\"url\":\"https:\/\/paracelbeachhotel.com\/recreation\/gym\/\",\"name\":\"Gym - Fitness & Yoga - Paracel Beach Hotel Da Nang\",\"isPartOf\":{\"@id\":\"https:\/\/paracelbeachhotel.com\/#website\"},\"datePublished\":\"2024-02-29T07:56:09+00:00\",\"dateModified\":\"2024-04-06T05:56:04+00:00\",\"breadcrumb\":{\"@id\":\"https:\/\/paracelbeachhotel.com\/recreation\/gym\/#breadcrumb\"},\"inLanguage\":\"vi\",\"potentialAction\":[{\"@type\":\"ReadAction\",\"target\":[\"https:\/\/paracelbeachhotel.com\/recreation\/gym\/\"]}]},{\"@type\":\"BreadcrumbList\",\"@id\":\"https:\/\/paracelbeachhotel.com\/recreation\/gym\/#breadcrumb\",\"itemListElement\":[{\"@type\":\"ListItem\",\"position\":1,\"name\":\"Home\",\"item\":\"https:\/\/paracelbeachhotel.com\/\"},{\"@type\":\"ListItem\",\"position\":2,\"name\":\"Facilities\",\"item\":\"https:\/\/paracelbeachhotel.com\/recreation\/\"},{\"@type\":\"ListItem\",\"position\":3,\"name\":\"Gym &#8211; Fitness &#038; Yoga\"}]},{\"@type\":\"WebSite\",\"@id\":\"https:\/\/paracelbeachhotel.com\/#website\",\"url\":\"https:\/\/paracelbeachhotel.com\/\",\"name\":\"Paracel Beach Hotel Da Nang\",\"description\":\"T\u1eacN H\u01af\u1edeNG K\u1ef2 NGH\u1ec8 V\u00c0NG\",\"publisher\":{\"@id\":\"https:\/\/paracelbeachhotel.com\/#organization\"},\"potentialAction\":[{\"@type\":\"SearchAction\",\"target\":{\"@type\":\"EntryPoint\",\"urlTemplate\":\"https:\/\/paracelbeachhotel.com\/?s={search_term_string}\"},\"query-input\":\"required name=search_term_string\"}],\"inLanguage\":\"vi\"},{\"@type\":\"Organization\",\"@id\":\"https:\/\/paracelbeachhotel.com\/#organization\",\"name\":\"Paracel Beach Hotel Da Nang\",\"url\":\"https:\/\/paracelbeachhotel.com\/\",\"logo\":{\"@type\":\"ImageObject\",\"inLanguage\":\"vi\",\"@id\":\"https:\/\/paracelbeachhotel.com\/#\/schema\/logo\/image\/\",\"url\":\"https:\/\/paracelbeachhotel.com\/wp-content\/uploads\/2024\/02\/cropped-Paracel-Logo.png\",\"contentUrl\":\"https:\/\/paracelbeachhotel.com\/wp-content\/uploads\/2024\/02\/cropped-Paracel-Logo.png\",\"width\":363,\"height\":210,\"caption\":\"Paracel Beach Hotel Da Nang\"},\"image\":{\"@id\":\"https:\/\/paracelbeachhotel.com\/#\/schema\/logo\/image\/\"}}]}<\/script>\n<!-- \/ Yoast SEO plugin. -->","yoast_head_json":{"title":"Gym - Fitness & Yoga - Paracel Beach Hotel Da Nang","robots":{"index":"index","follow":"follow","max-snippet":"max-snippet:-1","max-image-preview":"max-image-preview:large","max-video-preview":"max-video-preview:-1"},"canonical":"https:\/\/paracelbeachhotel.com\/vi\/recreation\/gym\/","og_locale":"vi_VN","og_type":"article","og_title":"Gym - Fitness & Yoga - Paracel Beach Hotel Da Nang","og_description":"PARACEL DANANG HOTEL Operation time: 5.30 A.M &#8211; 9.00 P.M Equipped with a variety of modern health training machines and health gauges. You will have time to practice and maintain better health habits with our experienced coaches who will advise you to perform useful exercises.","og_url":"https:\/\/paracelbeachhotel.com\/vi\/recreation\/gym\/","og_site_name":"Paracel Beach Hotel Da Nang","article_modified_time":"2024-04-06T05:56:04+00:00","og_image":[{"url":"https:\/\/paracelbeachhotel.com\/wp-content\/uploads\/2024\/02\/Gym2.jpg"}],"twitter_card":"summary_large_image","twitter_misc":{"\u01af\u1edbc t\u00ednh th\u1eddi gian \u0111\u1ecdc":"3 ph\u00fat"},"schema":{"@context":"https:\/\/schema.org","@graph":[{"@type":"WebPage","@id":"https:\/\/paracelbeachhotel.com\/recreation\/gym\/","url":"https:\/\/paracelbeachhotel.com\/recreation\/gym\/","name":"Gym - Fitness & Yoga - Paracel Beach Hotel Da Nang","isPartOf":{"@id":"https:\/\/paracelbeachhotel.com\/#website"},"datePublished":"2024-02-29T07:56:09+00:00","dateModified":"2024-04-06T05:56:04+00:00","breadcrumb":{"@id":"https:\/\/paracelbeachhotel.com\/recreation\/gym\/#breadcrumb"},"inLanguage":"vi","potentialAction":[{"@type":"ReadAction","target":["https:\/\/paracelbeachhotel.com\/recreation\/gym\/"]}]},{"@type":"BreadcrumbList","@id":"https:\/\/paracelbeachhotel.com\/recreation\/gym\/#breadcrumb","itemListElement":[{"@type":"ListItem","position":1,"name":"Home","item":"https:\/\/paracelbeachhotel.com\/"},{"@type":"ListItem","position":2,"name":"Facilities","item":"https:\/\/paracelbeachhotel.com\/recreation\/"},{"@type":"ListItem","position":3,"name":"Gym &#8211; Fitness &#038; Yoga"}]},{"@type":"WebSite","@id":"https:\/\/paracelbeachhotel.com\/#website","url":"https:\/\/paracelbeachhotel.com\/","name":"Paracel Beach Hotel Da Nang","description":"T\u1eacN H\u01af\u1edeNG K\u1ef2 NGH\u1ec8 V\u00c0NG","publisher":{"@id":"https:\/\/paracelbeachhotel.com\/#organization"},"potentialAction":[{"@type":"SearchAction","target":{"@type":"EntryPoint","urlTemplate":"https:\/\/paracelbeachhotel.com\/?s={search_term_string}"},"query-input":"required name=search_term_string"}],"inLanguage":"vi"},{"@type":"Organization","@id":"https:\/\/paracelbeachhotel.com\/#organization","name":"Paracel Beach Hotel Da Nang","url":"https:\/\/paracelbeachhotel.com\/","logo":{"@type":"ImageObject","inLanguage":"vi","@id":"https:\/\/paracelbeachhotel.com\/#\/schema\/logo\/image\/","url":"https:\/\/paracelbeachhotel.com\/wp-content\/uploads\/2024\/02\/cropped-Paracel-Logo.png","contentUrl":"https:\/\/paracelbeachhotel.com\/wp-content\/uploads\/2024\/02\/cropped-Paracel-Logo.png","width":363,"height":210,"caption":"Paracel Beach Hotel Da Nang"},"image":{"@id":"https:\/\/paracelbeachhotel.com\/#\/schema\/logo\/image\/"}}]}},"_links":{"self":[{"href":"https:\/\/paracelbeachhotel.com\/vi\/wp-json\/wp\/v2\/pages\/1324","targetHints":{"allow":["GET"]}}],"collection":[{"href":"https:\/\/paracelbeachhotel.com\/vi\/wp-json\/wp\/v2\/pages"}],"about":[{"href":"https:\/\/paracelbeachhotel.com\/vi\/wp-json\/wp\/v2\/types\/page"}],"author":[{"embeddable":true,"href":"https:\/\/paracelbeachhotel.com\/vi\/wp-json\/wp\/v2\/users\/1"}],"replies":[{"embeddable":true,"href":"https:\/\/paracelbeachhotel.com\/vi\/wp-json\/wp\/v2\/comments?post=1324"}],"version-history":[{"count":7,"href":"https:\/\/paracelbeachhotel.com\/vi\/wp-json\/wp\/v2\/pages\/1324\/revisions"}],"predecessor-version":[{"id":1906,"href":"https:\/\/paracelbeachhotel.com\/vi\/wp-json\/wp\/v2\/pages\/1324\/revisions\/1906"}],"up":[{"embeddable":true,"href":"https:\/\/paracelbeachhotel.com\/vi\/wp-json\/wp\/v2\/pages\/578"}],"wp:attachment":[{"href":"https:\/\/paracelbeachhotel.com\/vi\/wp-json\/wp\/v2\/media?parent=1324"}],"curies":[{"name":"wp","href":"https:\/\/api.w.org\/{rel}","templated":true}]}}