{"id":1187,"date":"2024-02-29T06:56:57","date_gmt":"2024-02-29T06:56:57","guid":{"rendered":"https:\/\/paracelbeachhotel.com\/?page_id=1187"},"modified":"2025-04-04T04:42:14","modified_gmt":"2025-04-04T04:42:14","slug":"dinner-bar","status":"publish","type":"page","link":"https:\/\/paracelbeachhotel.com\/vi\/dinner-bar\/","title":{"rendered":"\u1ea8m th\u1ef1c"},"content":{"rendered":"<div data-elementor-type=\"wp-page\" data-elementor-id=\"1187\" class=\"elementor elementor-1187\" data-elementor-post-type=\"page\">\n\t\t\t\t\t\t\t<div class=\"has_ae_slider elementor-element elementor-element-9dbb9df e-con-full e-flex ae-bg-gallery-type-default e-con e-parent\" data-id=\"9dbb9df\" data-element_type=\"container\" data-settings=\"{&quot;background_background&quot;:&quot;slideshow&quot;,&quot;content_width&quot;:&quot;full&quot;,&quot;background_slideshow_gallery&quot;:[{&quot;id&quot;:1204,&quot;url&quot;:&quot;https:\\\/\\\/paracelbeachhotel.com\\\/wp-content\\\/uploads\\\/2024\\\/02\\\/RES-00.webp&quot;},{&quot;id&quot;:1205,&quot;url&quot;:&quot;https:\\\/\\\/paracelbeachhotel.com\\\/wp-content\\\/uploads\\\/2024\\\/02\\\/RES-1.webp&quot;},{&quot;id&quot;:1210,&quot;url&quot;:&quot;https:\\\/\\\/paracelbeachhotel.com\\\/wp-content\\\/uploads\\\/2024\\\/02\\\/RES-6.webp&quot;},{&quot;id&quot;:1208,&quot;url&quot;:&quot;https:\\\/\\\/paracelbeachhotel.com\\\/wp-content\\\/uploads\\\/2024\\\/02\\\/RES-4.webp&quot;}],&quot;background_slideshow_loop&quot;:&quot;yes&quot;,&quot;background_slideshow_slide_duration&quot;:5000,&quot;background_slideshow_slide_transition&quot;:&quot;fade&quot;,&quot;background_slideshow_transition_duration&quot;:500}\" data-core-v316-plus=\"true\">\n\t\t<div class=\"has_ae_slider elementor-element elementor-element-b237df2 e-flex e-con-boxed ae-bg-gallery-type-default e-con e-child\" data-id=\"b237df2\" data-element_type=\"container\" data-settings=\"{&quot;content_width&quot;:&quot;boxed&quot;}\">\n\t\t\t\t\t<div class=\"e-con-inner\">\n\t\t\t\t<div class=\"elementor-element elementor-element-eb53938 elementor-widget elementor-widget-heading\" data-id=\"eb53938\" data-element_type=\"widget\" data-widget_type=\"heading.default\">\n\t\t\t\t<div class=\"elementor-widget-container\">\n\t\t\t<style>\/*! elementor - v3.18.0 - 20-12-2023 *\/\n.elementor-heading-title{padding:0;margin:0;line-height:1}.elementor-widget-heading .elementor-heading-title[class*=elementor-size-]>a{color:inherit;font-size:inherit;line-height:inherit}.elementor-widget-heading .elementor-heading-title.elementor-size-small{font-size:15px}.elementor-widget-heading .elementor-heading-title.elementor-size-medium{font-size:19px}.elementor-widget-heading .elementor-heading-title.elementor-size-large{font-size:29px}.elementor-widget-heading .elementor-heading-title.elementor-size-xl{font-size:39px}.elementor-widget-heading .elementor-heading-title.elementor-size-xxl{font-size:59px}<\/style><h3 class=\"elementor-heading-title elementor-size-default\">KH\u00c1CH S\u1ea0N B\u00c3I BI\u1ec2N<\/h3>\t\t<\/div>\n\t\t\t\t<\/div>\n\t\t\t\t<div class=\"elementor-element elementor-element-329c34d elementor-widget elementor-widget-heading\" data-id=\"329c34d\" data-element_type=\"widget\" data-widget_type=\"heading.default\">\n\t\t\t\t<div class=\"elementor-widget-container\">\n\t\t\t<h1 class=\"elementor-heading-title elementor-size-default\">\u1ea8m th\u1ef1c<\/h1>\t\t<\/div>\n\t\t\t\t<\/div>\n\t\t\t\t\t<\/div>\n\t\t\t\t<\/div>\n\t\t\t\t<\/div>\n\t\t<div class=\"has_ae_slider elementor-element elementor-element-d5127a3 e-flex e-con-boxed ae-bg-gallery-type-default e-con e-child\" data-id=\"d5127a3\" data-element_type=\"container\" data-settings=\"{&quot;content_width&quot;:&quot;boxed&quot;}\">\n\t\t\t\t\t<div class=\"e-con-inner\">\n\t\t\t\t<div class=\"elementor-element elementor-element-520a23a elementor-widget elementor-widget-heading\" data-id=\"520a23a\" data-element_type=\"widget\" data-widget_type=\"heading.default\">\n\t\t\t\t<div class=\"elementor-widget-container\">\n\t\t\t<h2 class=\"elementor-heading-title elementor-size-default\">NH\u00c0 H\u00c0NG<\/h2>\t\t<\/div>\n\t\t\t\t<\/div>\n\t\t\t\t<div class=\"elementor-element elementor-element-118d4a2 elementor-widget__width-initial elementor-invisible elementor-widget elementor-widget-text-editor\" data-id=\"118d4a2\" data-element_type=\"widget\" data-settings=\"{&quot;_animation&quot;:&quot;fadeInUp&quot;}\" data-widget_type=\"text-editor.default\">\n\t\t\t\t<div class=\"elementor-widget-container\">\n\t\t\t<style>\/*! elementor - v3.18.0 - 20-12-2023 *\/\n.elementor-widget-text-editor.elementor-drop-cap-view-stacked .elementor-drop-cap{background-color:#69727d;color:#fff}.elementor-widget-text-editor.elementor-drop-cap-view-framed .elementor-drop-cap{color:#69727d;border:3px solid;background-color:transparent}.elementor-widget-text-editor:not(.elementor-drop-cap-view-default) .elementor-drop-cap{margin-top:8px}.elementor-widget-text-editor:not(.elementor-drop-cap-view-default) .elementor-drop-cap-letter{width:1em;height:1em}.elementor-widget-text-editor .elementor-drop-cap{float:left;text-align:center;line-height:1;font-size:50px}.elementor-widget-text-editor .elementor-drop-cap-letter{display:inline-block}<\/style>\t\t\t\t<p>Khi \u0111\u1eb7t ch\u00e2n \u0111\u1ebfn Paracel Restaurant, b\u1ea1n s\u1ebd l\u1eadp t\u1ee9c \u0111\u1eafm ch\u00ecm v\u00e0o kh\u00f4ng gian v\u1edbi n\u00e9t ki\u1ebfn tr\u00fac \u0111\u1ed9c \u0111\u00e1o \u0111\u01b0\u1ee3c l\u1ea5y ngu\u1ed3n c\u1ea3m h\u1ee9ng t\u1eeb n\u1ec1n v\u1ecbnh Venice \u0111\u1ea7y c\u1ed5 k\u00ednh. \nMang \u0111\u1ebfn th\u1ef1c \u0111\u01a1n \u00c1 - \u00c2u \u0111a d\u1ea1ng t\u1eeb c\u00e1c \u0111\u1ea7u b\u1ebfp d\u00e0y d\u1eb7n kinh nghi\u1ec7m, c\u00f9ng v\u1edbi s\u1ee9c ch\u1ee9a l\u00ean \u0111\u1ebfn 250 kh\u00e1ch, \u0111\u00e2y h\u1ee9a h\u1eb9n s\u1ebd mang \u0111\u1ebfn tr\u1ea3i nghi\u1ec7m \u1ea9m th\u1ef1c kh\u00f3 qu\u00ean.<\/p>\t\t\t\t\t\t<\/div>\n\t\t\t\t<\/div>\n\t\t\t\t<div class=\"elementor-element elementor-element-8c5363d elementor-widget elementor-widget-premium-addon-banner\" data-id=\"8c5363d\" data-element_type=\"widget\" data-widget_type=\"premium-addon-banner.default\">\n\t\t\t\t<div class=\"elementor-widget-container\">\n\t\t\t\t\t<div class=\"premium-banner-ib premium-banner-min-height premium-banner-animation4 none\">\r\n\t\t\t\t\t\t                <img fetchpriority=\"high\" decoding=\"async\" width=\"2400\" height=\"1600\" src=\"https:\/\/paracelbeachhotel.com\/wp-content\/uploads\/2024\/02\/RES-4.webp\" class=\"attachment-full size-full wp-image-1208\" alt=\"\" srcset=\"https:\/\/paracelbeachhotel.com\/wp-content\/uploads\/2024\/02\/RES-4.webp 2400w, https:\/\/paracelbeachhotel.com\/wp-content\/uploads\/2024\/02\/RES-4-300x200.webp 300w, https:\/\/paracelbeachhotel.com\/wp-content\/uploads\/2024\/02\/RES-4-1024x683.webp 1024w, https:\/\/paracelbeachhotel.com\/wp-content\/uploads\/2024\/02\/RES-4-768x512.webp 768w, https:\/\/paracelbeachhotel.com\/wp-content\/uploads\/2024\/02\/RES-4-1536x1024.webp 1536w, https:\/\/paracelbeachhotel.com\/wp-content\/uploads\/2024\/02\/RES-4-2048x1365.webp 2048w\" sizes=\"(max-width: 2400px) 100vw, 2400px\" \/>            \t\t\t\t\t\t<div class=\"premium-banner-ib-desc\">\r\n\t\t\t\t\t\t\t\t\t<h3 class=\"premium-banner-ib-title premium_banner_title\">PARACEL RESTAURANT<\/h3>\t\t\t\t\t\t<div class=\"premium-banner-ib-content premium_banner_content\">\r\n\t\t\t\t\t\t\t<p>V\u1edbi s\u1ee9c ch\u1ee9a g\u1ea7n 250 kh\u00e1ch, \u0111\u00e2y l\u00e0 m\u1ed9t n\u01a1i m\u00e0 th\u1ef1c kh\u00e1ch c\u00f3 th\u1ec3 t\u1ef1 do ch\u1ecdn l\u1ef1a c\u00e1c m\u00f3n \u0103n t\u1eeb Ch\u00e2u \u00c1 \u0111\u1ebfn Ch\u00e2u \u00c2u. Th\u1ef1c kh\u00e1ch c\u00f3 th\u1ec3 t\u1eadn h\u01b0\u1edfng b\u1eefa s\u00e1ng c\u1ee7a m\u00ecnh v\u1edbi c\u00e1c \u0111\u1ea7u b\u1ebfp nhi\u1ec1u kinh nghi\u1ec7m.<\/p>\t\t\t\t\t\t<\/div>\r\n\t\t\t\t\t\t\t\t\t\t\t\t\t\t\t\t\t<\/div>\r\n\t\t\t\t\t\t\t<a href=\"https:\/\/paracelbeachhotel.com\/vi\/dinner-bar\/the-venice\/\" class=\"premium-banner-ib-link\"><\/a>\r\n\t\t\t\t\t<\/div>\r\n\t\t\t\t\t\t<\/div>\n\t\t\t\t<\/div>\n\t\t\t\t\t<\/div>\n\t\t\t\t<\/div>\n\t\t<div class=\"has_ae_slider elementor-element elementor-element-654bfd5 e-flex e-con-boxed ae-bg-gallery-type-default e-con e-child\" data-id=\"654bfd5\" data-element_type=\"container\" data-settings=\"{&quot;background_background&quot;:&quot;classic&quot;,&quot;content_width&quot;:&quot;boxed&quot;}\">\n\t\t\t\t\t<div class=\"e-con-inner\">\n\t\t\t\t<div class=\"elementor-element elementor-element-9342c06 elementor-widget elementor-widget-heading\" data-id=\"9342c06\" data-element_type=\"widget\" data-widget_type=\"heading.default\">\n\t\t\t\t<div class=\"elementor-widget-container\">\n\t\t\t<h2 class=\"elementor-heading-title elementor-size-default\">QU\u00c1N BAR C\u1ee6A CH\u00daNG T\u00d4I<\/h2>\t\t<\/div>\n\t\t\t\t<\/div>\n\t\t\t\t<div class=\"elementor-element elementor-element-1d4e51d elementor-widget__width-initial elementor-invisible elementor-widget elementor-widget-text-editor\" data-id=\"1d4e51d\" data-element_type=\"widget\" data-settings=\"{&quot;_animation&quot;:&quot;fadeInUp&quot;}\" data-widget_type=\"text-editor.default\">\n\t\t\t\t<div class=\"elementor-widget-container\">\n\t\t\t\t\t\t\t<p>N\u1eb1m tr\u00ean t\u1ea7ng th\u01b0\u1ee3ng c\u1ee7a kh\u00e1ch s\u1ea1n, Paracel Pool Bar l\u00e0 n\u01a1i t\u1ed1t nh\u1ea5t \u0111\u1ec3 t\u1eadn h\u01b0\u1edfng cu\u1ed9c s\u1ed1ng v\u1ec1 \u0111\u00eam s\u00f4i \u0111\u1ed9ng trong th\u00e0nh ph\u1ed1. T\u1eeb cocktail \u0111\u1ebfn c\u00e1c m\u00f3n \u0103n tinh th\u1ea7n, ch\u00fang t\u00f4i c\u00f3 t\u1ea5t c\u1ea3 m\u1ecdi th\u1ee9 \u0111\u1ec3 ph\u1ee5c v\u1ee5 cho nh\u1eefng ai th\u00edch u\u1ed1ng r\u01b0\u1ee3u t\u1ea1i qu\u1ea7y bar.<\/p><p>Paracel Lounge n\u1eb1m \u1edf t\u1ea7ng l\u00e0 n\u01a1i ph\u1ee5c v\u1ee5 \u0111\u1ed3 \u0103n nhanh, Cocktail\/Mocktail, Coffee, N\u01b0\u1edbc u\u1ed1ng gi\u1ea3i kh\u00e1t v\u1edbi kh\u00f4ng gian r\u1ed9ng r\u00e3i.<\/p>\t\t\t\t\t\t<\/div>\n\t\t\t\t<\/div>\n\t\t\t\t\t<\/div>\n\t\t\t\t<\/div>\n\t\t<div class=\"has_ae_slider elementor-element elementor-element-b06ccd1 e-flex e-con-boxed ae-bg-gallery-type-default e-con e-parent\" data-id=\"b06ccd1\" data-element_type=\"container\" data-settings=\"{&quot;background_background&quot;:&quot;classic&quot;,&quot;content_width&quot;:&quot;boxed&quot;}\" data-core-v316-plus=\"true\">\n\t\t\t\t\t<div class=\"e-con-inner\">\n\t\t\t\t<div class=\"elementor-element elementor-element-57ef0f7 elementor-widget elementor-widget-premium-addon-banner\" data-id=\"57ef0f7\" data-element_type=\"widget\" data-widget_type=\"premium-addon-banner.default\">\n\t\t\t\t<div class=\"elementor-widget-container\">\n\t\t\t\t\t<div class=\"premium-banner-ib premium-banner-min-height premium-banner-animation4 none\">\r\n\t\t\t\t\t\t                <img decoding=\"async\" width=\"1920\" height=\"1280\" src=\"https:\/\/paracelbeachhotel.com\/wp-content\/uploads\/2024\/04\/Lobby-7-2.webp\" class=\"attachment-full size-full wp-image-1776\" alt=\"\" srcset=\"https:\/\/paracelbeachhotel.com\/wp-content\/uploads\/2024\/04\/Lobby-7-2.webp 1920w, https:\/\/paracelbeachhotel.com\/wp-content\/uploads\/2024\/04\/Lobby-7-2-300x200.webp 300w, https:\/\/paracelbeachhotel.com\/wp-content\/uploads\/2024\/04\/Lobby-7-2-1024x683.webp 1024w, https:\/\/paracelbeachhotel.com\/wp-content\/uploads\/2024\/04\/Lobby-7-2-768x512.webp 768w, https:\/\/paracelbeachhotel.com\/wp-content\/uploads\/2024\/04\/Lobby-7-2-1536x1024.webp 1536w, https:\/\/paracelbeachhotel.com\/wp-content\/uploads\/2024\/04\/Lobby-7-2-18x12.webp 18w\" sizes=\"(max-width: 1920px) 100vw, 1920px\" \/>            \t\t\t\t\t\t<div class=\"premium-banner-ib-desc\">\r\n\t\t\t\t\t\t\t\t\t<h3 class=\"premium-banner-ib-title premium_banner_title\">PARACEL LOUNGE<\/h3>\t\t\t\t\t\t<div class=\"premium-banner-ib-content premium_banner_content\">\r\n\t\t\t\t\t\t\t<p>Tr\u1ea3i nghi\u1ec7m m\u1ed9t kh\u00f4ng gian th\u01b0 gi\u00e3n tuy\u1ec7t v\u1eddi t\u1ea1i Paracel Lounge v\u1edbi qu\u1ea7y bar \u0111\u01b0\u1ee3c thi\u1ebft k\u1ebf sang tr\u1ecdng, ph\u1ea3n ph\u1ea5t h\u01b0\u01a1ng th\u01a1m nh\u1eb9 nh\u00e0ng, t\u00ednh t\u1ebf c\u1ee7a h\u1ea1t c\u00e0 ph\u00ea. T\u1ea1i \u0111\u00e2y b\u1ea1n c\u00f3 th\u1ec3 th\u01b0\u1edfng th\u1ee9c nh\u1eefng m\u00f3n \u0103n ngon, nh\u00e2m nhi v\u00e0i ly cocktails v\u00e0 \u0111\u1eafm ch\u00ecm trong nh\u1eefng ph\u00fat gi\u00e2y th\u01b0 gi\u00e3n th\u1ef1c s\u1ef1.<\/p><p>Gi\u1edd m\u1edf c\u1eeda:<br \/>06:30 am &#8211; 22:00 pm<\/p><p>V\u1ecb tr\u00ed - T\u1ea7ng 1<\/p>\t\t\t\t\t\t<\/div>\r\n\t\t\t\t\t\t\t\t\t\t\t\t\t\t\t\t\t<\/div>\r\n\t\t\t\t\t\t\t<a href=\"https:\/\/paracelbeachhotel.com\/vi\/dinner-bar\/kopi-lounge-bar\/\" class=\"premium-banner-ib-link\"><\/a>\r\n\t\t\t\t\t<\/div>\r\n\t\t\t\t\t\t<\/div>\n\t\t\t\t<\/div>\n\t\t\t\t\t<\/div>\n\t\t\t\t<\/div>\n\t\t\t\t\t\t\t<\/div>","protected":false},"excerpt":{"rendered":"<p>PARACEL BEACH HOTEL RESTAURANT When stepping into Paracel Restaurant, you will immediately immerse yourself in a space with unique architecture inspired by the ancient Venice Gulf. Offering a diverse menu of Asian and European cuisine prepared by experienced chefs, along with a capacity of up to 250 guests, it promises to deliver an unforgettable culinary [&hellip;]<\/p>","protected":false},"author":1,"featured_media":0,"parent":0,"menu_order":0,"comment_status":"closed","ping_status":"closed","template":"elementor_header_footer","meta":{"footnotes":""},"class_list":["post-1187","page","type-page","status-publish","hentry"],"acf":[],"yoast_head":"<!-- This site is optimized with the Yoast SEO plugin v22.1 - https:\/\/yoast.com\/wordpress\/plugins\/seo\/ -->\n<title>Dinner - Paracel Beach Hotel Da Nang<\/title>\n<meta name=\"robots\" content=\"index, follow, max-snippet:-1, max-image-preview:large, max-video-preview:-1\" \/>\n<link rel=\"canonical\" href=\"https:\/\/paracelbeachhotel.com\/vi\/dinner-bar\/\" \/>\n<meta property=\"og:locale\" content=\"vi_VN\" \/>\n<meta property=\"og:type\" content=\"article\" \/>\n<meta property=\"og:title\" content=\"Dinner - Paracel Beach Hotel Da Nang\" \/>\n<meta property=\"og:description\" content=\"PARACEL BEACH HOTEL RESTAURANT When stepping into Paracel Restaurant, you will immediately immerse yourself in a space with unique architecture inspired by the ancient Venice Gulf. Offering a diverse menu of Asian and European cuisine prepared by experienced chefs, along with a capacity of up to 250 guests, it promises to deliver an unforgettable culinary [&hellip;]\" \/>\n<meta property=\"og:url\" content=\"https:\/\/paracelbeachhotel.com\/vi\/dinner-bar\/\" \/>\n<meta property=\"og:site_name\" content=\"Paracel Beach Hotel Da Nang\" \/>\n<meta property=\"article:modified_time\" content=\"2025-04-04T04:42:14+00:00\" \/>\n<meta property=\"og:image\" content=\"https:\/\/paracelbeachhotel.com\/wp-content\/uploads\/2024\/02\/RES-4.webp\" \/>\n<meta name=\"twitter:card\" content=\"summary_large_image\" \/>\n<meta name=\"twitter:label1\" content=\"\u01af\u1edbc t\u00ednh th\u1eddi gian \u0111\u1ecdc\" \/>\n\t<meta name=\"twitter:data1\" content=\"2 ph\u00fat\" \/>\n<script type=\"application\/ld+json\" class=\"yoast-schema-graph\">{\"@context\":\"https:\/\/schema.org\",\"@graph\":[{\"@type\":\"WebPage\",\"@id\":\"https:\/\/paracelbeachhotel.com\/dinner-bar\/\",\"url\":\"https:\/\/paracelbeachhotel.com\/dinner-bar\/\",\"name\":\"Dinner - Paracel Beach Hotel Da Nang\",\"isPartOf\":{\"@id\":\"https:\/\/paracelbeachhotel.com\/#website\"},\"datePublished\":\"2024-02-29T06:56:57+00:00\",\"dateModified\":\"2025-04-04T04:42:14+00:00\",\"breadcrumb\":{\"@id\":\"https:\/\/paracelbeachhotel.com\/dinner-bar\/#breadcrumb\"},\"inLanguage\":\"vi\",\"potentialAction\":[{\"@type\":\"ReadAction\",\"target\":[\"https:\/\/paracelbeachhotel.com\/dinner-bar\/\"]}]},{\"@type\":\"BreadcrumbList\",\"@id\":\"https:\/\/paracelbeachhotel.com\/dinner-bar\/#breadcrumb\",\"itemListElement\":[{\"@type\":\"ListItem\",\"position\":1,\"name\":\"Home\",\"item\":\"https:\/\/paracelbeachhotel.com\/\"},{\"@type\":\"ListItem\",\"position\":2,\"name\":\"Dinner\"}]},{\"@type\":\"WebSite\",\"@id\":\"https:\/\/paracelbeachhotel.com\/#website\",\"url\":\"https:\/\/paracelbeachhotel.com\/\",\"name\":\"Paracel Beach Hotel Da Nang\",\"description\":\"T\u1eacN H\u01af\u1edeNG K\u1ef2 NGH\u1ec8 V\u00c0NG\",\"publisher\":{\"@id\":\"https:\/\/paracelbeachhotel.com\/#organization\"},\"potentialAction\":[{\"@type\":\"SearchAction\",\"target\":{\"@type\":\"EntryPoint\",\"urlTemplate\":\"https:\/\/paracelbeachhotel.com\/?s={search_term_string}\"},\"query-input\":\"required name=search_term_string\"}],\"inLanguage\":\"vi\"},{\"@type\":\"Organization\",\"@id\":\"https:\/\/paracelbeachhotel.com\/#organization\",\"name\":\"Paracel Beach Hotel Da Nang\",\"url\":\"https:\/\/paracelbeachhotel.com\/\",\"logo\":{\"@type\":\"ImageObject\",\"inLanguage\":\"vi\",\"@id\":\"https:\/\/paracelbeachhotel.com\/#\/schema\/logo\/image\/\",\"url\":\"https:\/\/paracelbeachhotel.com\/wp-content\/uploads\/2024\/02\/cropped-Paracel-Logo.png\",\"contentUrl\":\"https:\/\/paracelbeachhotel.com\/wp-content\/uploads\/2024\/02\/cropped-Paracel-Logo.png\",\"width\":363,\"height\":210,\"caption\":\"Paracel Beach Hotel Da Nang\"},\"image\":{\"@id\":\"https:\/\/paracelbeachhotel.com\/#\/schema\/logo\/image\/\"}}]}<\/script>\n<!-- \/ Yoast SEO plugin. -->","yoast_head_json":{"title":"Dinner - Paracel Beach Hotel Da Nang","robots":{"index":"index","follow":"follow","max-snippet":"max-snippet:-1","max-image-preview":"max-image-preview:large","max-video-preview":"max-video-preview:-1"},"canonical":"https:\/\/paracelbeachhotel.com\/vi\/dinner-bar\/","og_locale":"vi_VN","og_type":"article","og_title":"Dinner - Paracel Beach Hotel Da Nang","og_description":"PARACEL BEACH HOTEL RESTAURANT When stepping into Paracel Restaurant, you will immediately immerse yourself in a space with unique architecture inspired by the ancient Venice Gulf. Offering a diverse menu of Asian and European cuisine prepared by experienced chefs, along with a capacity of up to 250 guests, it promises to deliver an unforgettable culinary [&hellip;]","og_url":"https:\/\/paracelbeachhotel.com\/vi\/dinner-bar\/","og_site_name":"Paracel Beach Hotel Da Nang","article_modified_time":"2025-04-04T04:42:14+00:00","og_image":[{"url":"https:\/\/paracelbeachhotel.com\/wp-content\/uploads\/2024\/02\/RES-4.webp"}],"twitter_card":"summary_large_image","twitter_misc":{"\u01af\u1edbc t\u00ednh th\u1eddi gian \u0111\u1ecdc":"2 ph\u00fat"},"schema":{"@context":"https:\/\/schema.org","@graph":[{"@type":"WebPage","@id":"https:\/\/paracelbeachhotel.com\/dinner-bar\/","url":"https:\/\/paracelbeachhotel.com\/dinner-bar\/","name":"Dinner - Paracel Beach Hotel Da Nang","isPartOf":{"@id":"https:\/\/paracelbeachhotel.com\/#website"},"datePublished":"2024-02-29T06:56:57+00:00","dateModified":"2025-04-04T04:42:14+00:00","breadcrumb":{"@id":"https:\/\/paracelbeachhotel.com\/dinner-bar\/#breadcrumb"},"inLanguage":"vi","potentialAction":[{"@type":"ReadAction","target":["https:\/\/paracelbeachhotel.com\/dinner-bar\/"]}]},{"@type":"BreadcrumbList","@id":"https:\/\/paracelbeachhotel.com\/dinner-bar\/#breadcrumb","itemListElement":[{"@type":"ListItem","position":1,"name":"Home","item":"https:\/\/paracelbeachhotel.com\/"},{"@type":"ListItem","position":2,"name":"Dinner"}]},{"@type":"WebSite","@id":"https:\/\/paracelbeachhotel.com\/#website","url":"https:\/\/paracelbeachhotel.com\/","name":"Paracel Beach Hotel Da Nang","description":"T\u1eacN H\u01af\u1edeNG K\u1ef2 NGH\u1ec8 V\u00c0NG","publisher":{"@id":"https:\/\/paracelbeachhotel.com\/#organization"},"potentialAction":[{"@type":"SearchAction","target":{"@type":"EntryPoint","urlTemplate":"https:\/\/paracelbeachhotel.com\/?s={search_term_string}"},"query-input":"required name=search_term_string"}],"inLanguage":"vi"},{"@type":"Organization","@id":"https:\/\/paracelbeachhotel.com\/#organization","name":"Paracel Beach Hotel Da Nang","url":"https:\/\/paracelbeachhotel.com\/","logo":{"@type":"ImageObject","inLanguage":"vi","@id":"https:\/\/paracelbeachhotel.com\/#\/schema\/logo\/image\/","url":"https:\/\/paracelbeachhotel.com\/wp-content\/uploads\/2024\/02\/cropped-Paracel-Logo.png","contentUrl":"https:\/\/paracelbeachhotel.com\/wp-content\/uploads\/2024\/02\/cropped-Paracel-Logo.png","width":363,"height":210,"caption":"Paracel Beach Hotel Da Nang"},"image":{"@id":"https:\/\/paracelbeachhotel.com\/#\/schema\/logo\/image\/"}}]}},"_links":{"self":[{"href":"https:\/\/paracelbeachhotel.com\/vi\/wp-json\/wp\/v2\/pages\/1187","targetHints":{"allow":["GET"]}}],"collection":[{"href":"https:\/\/paracelbeachhotel.com\/vi\/wp-json\/wp\/v2\/pages"}],"about":[{"href":"https:\/\/paracelbeachhotel.com\/vi\/wp-json\/wp\/v2\/types\/page"}],"author":[{"embeddable":true,"href":"https:\/\/paracelbeachhotel.com\/vi\/wp-json\/wp\/v2\/users\/1"}],"replies":[{"embeddable":true,"href":"https:\/\/paracelbeachhotel.com\/vi\/wp-json\/wp\/v2\/comments?post=1187"}],"version-history":[{"count":55,"href":"https:\/\/paracelbeachhotel.com\/vi\/wp-json\/wp\/v2\/pages\/1187\/revisions"}],"predecessor-version":[{"id":2419,"href":"https:\/\/paracelbeachhotel.com\/vi\/wp-json\/wp\/v2\/pages\/1187\/revisions\/2419"}],"wp:attachment":[{"href":"https:\/\/paracelbeachhotel.com\/vi\/wp-json\/wp\/v2\/media?parent=1187"}],"curies":[{"name":"wp","href":"https:\/\/api.w.org\/{rel}","templated":true}]}}