{"id":2470,"date":"2025-05-15T09:06:43","date_gmt":"2025-05-15T09:06:43","guid":{"rendered":"https:\/\/paracelbeachhotel.com\/?page_id=2470"},"modified":"2025-05-16T09:13:08","modified_gmt":"2025-05-16T09:13:08","slug":"chinh-sach-thanh-toan","status":"publish","type":"page","link":"https:\/\/paracelbeachhotel.com\/kr\/chinh-sach-thanh-toan\/","title":{"rendered":"Ch\u00ednh s\u00e1ch thanh to\u00e1n"},"content":{"rendered":"<div data-elementor-type=\"wp-page\" data-elementor-id=\"2470\" class=\"elementor elementor-2470\" data-elementor-post-type=\"page\">\n\t\t\t\t\t\t\t<div class=\"has_ae_slider elementor-element elementor-element-7cd6c5a e-flex e-con-boxed ae-bg-gallery-type-default e-con e-parent\" data-id=\"7cd6c5a\" data-element_type=\"container\" data-settings=\"{&quot;content_width&quot;:&quot;boxed&quot;}\" data-core-v316-plus=\"true\">\n\t\t\t\t\t<div class=\"e-con-inner\">\n\t\t\t\t<div class=\"elementor-element elementor-element-4c4998ce elementor-widget elementor-widget-text-editor\" data-id=\"4c4998ce\" data-element_type=\"widget\" data-widget_type=\"text-editor.default\">\n\t\t\t\t<div class=\"elementor-widget-container\">\n\t\t\t<style>\/*! elementor - v3.18.0 - 20-12-2023 *\/\n.elementor-widget-text-editor.elementor-drop-cap-view-stacked .elementor-drop-cap{background-color:#69727d;color:#fff}.elementor-widget-text-editor.elementor-drop-cap-view-framed .elementor-drop-cap{color:#69727d;border:3px solid;background-color:transparent}.elementor-widget-text-editor:not(.elementor-drop-cap-view-default) .elementor-drop-cap{margin-top:8px}.elementor-widget-text-editor:not(.elementor-drop-cap-view-default) .elementor-drop-cap-letter{width:1em;height:1em}.elementor-widget-text-editor .elementor-drop-cap{float:left;text-align:center;line-height:1;font-size:50px}.elementor-widget-text-editor .elementor-drop-cap-letter{display:inline-block}<\/style>\t\t\t\t<!-- wp:paragraph -->\n<p>Ch\u00fang t\u00f4i cam k\u1ebft mang \u0111\u1ebfn cho Qu\u00fd kh\u00e1ch quy tr\u00ecnh thanh to\u00e1n minh b\u1ea1ch, an to\u00e0n v\u00e0 thu\u1eadn ti\u1ec7n. Vui l\u00f2ng tham kh\u1ea3o c\u00e1c h\u00ecnh th\u1ee9c v\u00e0 quy \u0111\u1ecbnh thanh to\u00e1n d\u01b0\u1edbi \u0111\u00e2y:<\/p>\n<!-- \/wp:paragraph -->\n\n<!-- wp:paragraph -->\n<p><strong>1. H\u00ecnh Th\u1ee9c Thanh To\u00e1n<\/strong><\/p>\n<!-- \/wp:paragraph -->\n\n<!-- wp:paragraph -->\n<p><strong><em>1.1. Thanh to\u00e1n tr\u1ef1c tuy\u1ebfn qua th\u1ebb<\/em><\/strong><\/p>\n<!-- \/wp:paragraph -->\n\n<!-- wp:paragraph -->\n<p>Qu\u00fd kh\u00e1ch c\u00f3 th\u1ec3 thanh to\u00e1n d\u1ec5 d\u00e0ng qua c\u00e1c lo\u1ea1i th\u1ebb sau:<\/p>\n<!-- \/wp:paragraph -->\n\n<!-- wp:paragraph -->\n<p>Th\u1ebb t\u00edn d\u1ee5ng\/ghi n\u1ee3 qu\u1ed1c t\u1ebf (Visa, MasterCard, JCB, Amex,&#8230;)<\/p>\n<!-- \/wp:paragraph -->\n\n<!-- wp:paragraph -->\n<p>Th\u1ebb ATM n\u1ed9i \u0111\u1ecba c\u00f3 \u0111\u0103ng k\u00fd Internet Banking<\/p>\n<!-- \/wp:paragraph -->\n\n<!-- wp:paragraph -->\n<p>Khi \u0111\u1eb7t ph\u00f2ng th\u00e0nh c\u00f4ng, h\u1ec7 th\u1ed1ng s\u1ebd \u0111i\u1ec1u h\u01b0\u1edbng Qu\u00fd kh\u00e1ch \u0111\u1ebfn c\u1ed5ng thanh to\u00e1n tr\u1ef1c tuy\u1ebfn \u0111\u1ec3 ho\u00e0n t\u1ea5t giao d\u1ecbch. Tr\u01b0\u1eddng h\u1ee3p h\u1ec7 th\u1ed1ng ch\u01b0a t\u00edch h\u1ee3p c\u1ed5ng thanh to\u00e1n, ch\u00fang t\u00f4i s\u1ebd g\u1eedi \u0111\u01b0\u1eddng link thanh to\u00e1n qua email.<\/p>\n<!-- \/wp:paragraph -->\n\n<!-- wp:paragraph -->\n<p>Cam k\u1ebft b\u1ea3o m\u1eadt thanh to\u00e1n: H\u1ec7 th\u1ed1ng thanh to\u00e1n \u0111\u01b0\u1ee3c cung c\u1ea5p b\u1edfi \u0111\u1ed1i t\u00e1c \u0111\u00e3 \u0111\u01b0\u1ee3c c\u1ea5p ph\u00e9p h\u1ee3p ph\u00e1p t\u1ea1i Vi\u1ec7t Nam, tu\u00e2n th\u1ee7 ti\u00eau chu\u1ea9n PCI DSS, SSL, OTP, v\u00e0 m\u00e3 h\u00f3a MD5 128-bit. Ch\u00fang t\u00f4i kh\u00f4ng l\u01b0u tr\u1eef th\u00f4ng tin th\u1ebb c\u1ee7a Qu\u00fd kh\u00e1ch tr\u00ean h\u1ec7 th\u1ed1ng.<\/p>\n<!-- \/wp:paragraph -->\n\n<!-- wp:paragraph -->\n<p><strong><em>1.2. Thanh to\u00e1n b\u1eb1ng chuy\u1ec3n kho\u1ea3n ng\u00e2n h\u00e0ng<\/em><\/strong><\/p>\n<!-- \/wp:paragraph -->\n\n<!-- wp:paragraph -->\n<p>\u00c1p d\u1ee5ng cho kh\u00e1ch \u0111\u1eb7t ph\u00f2ng tr\u01b0\u1edbc ho\u1eb7c theo y\u00eau c\u1ea7u:<\/p>\n<!-- \/wp:paragraph -->\n\n<!-- wp:paragraph -->\n<p>T\u00ean ch\u1ee7 t\u00e0i kho\u1ea3n: C\u00d4NG TY TNHH TM &amp; DV DU LICH HO\u00c0NG HI\u1ebeN<\/p>\n<!-- \/wp:paragraph -->\n\n<!-- wp:paragraph -->\n<p>S\u1ed1 t\u00e0i kho\u1ea3n: 1104376868<\/p>\n<!-- \/wp:paragraph -->\n\n<!-- wp:paragraph -->\n<p>Ng\u00e2n h\u00e0ng: Ng\u00e2n h\u00e0ng Ngo\u1ea1i Th\u01b0\u01a1ng Vi\u1ec7t Nam (Vietcombank) -203<\/p>\n<!-- \/wp:paragraph -->\n\n<!-- wp:paragraph -->\n<p>L\u01b0u \u00fd:<\/p>\n<!-- \/wp:paragraph -->\n\n<!-- wp:paragraph -->\n<p>Vui l\u00f2ng ghi r\u00f5 H\u1ecd t\u00ean, S\u0110T, m\u00e3 \u0111\u01a1n \u0111\u1eb7t ph\u00f2ng khi chuy\u1ec3n kho\u1ea3n.<\/p>\n<!-- \/wp:paragraph -->\n\n<!-- wp:paragraph -->\n<p>Sau khi chuy\u1ec3n kho\u1ea3n, xin vui l\u00f2ng g\u1eedi th\u00f4ng b\u00e1o ho\u1eb7c h\u00ecnh \u1ea3nh x\u00e1c nh\u1eadn \u0111\u1ec3 ch\u00fang t\u00f4i ki\u1ec3m tra.<\/p>\n<!-- \/wp:paragraph -->\n\n<!-- wp:paragraph -->\n<p>Ch\u00fang t\u00f4i s\u1ebd li\u00ean h\u1ec7 x\u00e1c nh\u1eadn ngay sau khi nh\u1eadn \u0111\u01b0\u1ee3c thanh to\u00e1n.<\/p>\n<!-- \/wp:paragraph -->\n\n<!-- wp:paragraph -->\n<p><strong><em>1.3. Thanh to\u00e1n b\u1eb1ng th\u1ebb t\u1ea1i kh\u00e1ch s\u1ea1n<\/em><\/strong><\/p>\n<!-- \/wp:paragraph -->\n\n<!-- wp:paragraph -->\n<p>Ch\u00fang t\u00f4i ch\u1ea5p nh\u1eadn th\u1ebb Visa\/Master\/JCB t\u1ea1i qu\u1ea7y l\u1ec5 t\u00e2n.<\/p>\n<!-- \/wp:paragraph -->\n\n<!-- wp:paragraph -->\n<p>Qu\u00fd kh\u00e1ch c\u1ea7n mang theo th\u1ebb g\u1ed1c v\u00e0 CMND\/CCCD ho\u1eb7c h\u1ed9 chi\u1ebfu \u0111\u1ec3 \u0111\u1ed1i chi\u1ebfu th\u00f4ng tin th\u1ebb.<\/p>\n<!-- \/wp:paragraph -->\n\n<!-- wp:paragraph -->\n<p>Tr\u01b0\u1eddng h\u1ee3p thanh to\u00e1n qua th\u1ebb \u0111\u01b0\u1ee3c cung c\u1ea5p tr\u01b0\u1edbc, ch\u00fang t\u00f4i c\u00f3 th\u1ec3 thu ti\u1ec1n tr\u01b0\u1edbc ng\u00e0y \u0111\u1ebfn h\u1ea1n ho\u1eb7c gi\u1eef kho\u1ea3n t\u1ea1m kh\u00f3a (pre-authorization).<\/p>\n<!-- \/wp:paragraph -->\n\n<!-- wp:paragraph -->\n<p>N\u1ebfu kh\u00f4ng x\u00e1c minh \u0111\u01b0\u1ee3c ch\u1ee7 th\u1ebb, Qu\u00fd kh\u00e1ch c\u1ea7n s\u1eed d\u1ee5ng ph\u01b0\u01a1ng th\u1ee9c thanh to\u00e1n thay th\u1ebf. Vi\u1ec7c ho\u00e0n ti\u1ec1n qua th\u1ebb s\u1ebd m\u1ea5t kho\u1ea3ng t\u1ed1i \u0111a 30 ng\u00e0y l\u00e0m vi\u1ec7c t\u00f9y ng\u00e2n h\u00e0ng.<\/p>\n<!-- \/wp:paragraph -->\n\n<!-- wp:paragraph -->\n<p><strong><em>1.4. Thanh to\u00e1n b\u1eb1ng ti\u1ec1n m\u1eb7t t\u1ea1i kh\u00e1ch s\u1ea1n<\/em><\/strong><\/p>\n<!-- \/wp:paragraph -->\n\n<!-- wp:paragraph -->\n<p>Qu\u00fd kh\u00e1ch c\u00f3 th\u1ec3 thanh to\u00e1n tr\u1ef1c ti\u1ebfp t\u1ea1i qu\u1ea7y l\u1ec5 t\u00e2n khi nh\u1eadn ho\u1eb7c tr\u1ea3 ph\u00f2ng (tu\u1ef3 theo th\u1ecfa thu\u1eadn khi \u0111\u1eb7t ph\u00f2ng).<\/p>\n<!-- \/wp:paragraph -->\n\n<!-- wp:paragraph -->\n<p>\u0110\u01a1n \u0111\u1eb7t ph\u00f2ng ch\u01b0a thanh to\u00e1n c\u00f3 th\u1ec3 b\u1ecb hu\u1ef7 n\u1ebfu kh\u00f4ng x\u00e1c nh\u1eadn \u0111\u00fang th\u1eddi h\u1ea1n.<\/p>\n<!-- \/wp:paragraph -->\n\n<!-- wp:paragraph -->\n<p><strong><em>2. Th\u1eddi H\u1ea1n v\u00e0 \u0110i\u1ec1u Ki\u1ec7n Thanh To\u00e1n<\/em><\/strong><\/p>\n<!-- \/wp:paragraph -->\n\n<!-- wp:paragraph -->\n<p>Ti\u1ec1n \u0111\u1eb7t c\u1ecdc: Ch\u00ednh s\u00e1ch \u0111\u1eb7t c\u1ecdc \u0111\u01b0\u1ee3c quy \u0111\u1ecbnh r\u00f5 trong \u0111i\u1ec1u kho\u1ea3n c\u1ee7a t\u1eebng \u0111\u01a1n \u0111\u1eb7t ph\u00f2ng. Ch\u00fang t\u00f4i c\u00f3 th\u1ec3 y\u00eau c\u1ea7u \u0111\u1eb7t c\u1ecdc tr\u01b0\u1edbc \u0111\u1ed1i v\u1edbi c\u00e1c \u0111\u1eb7t ph\u00f2ng r\u01a1i v\u00e0o giai \u0111o\u1ea1n cao \u0111i\u1ec3m ho\u1eb7c d\u1ecbp l\u1ec5, T\u1ebft.<\/p>\n<!-- \/wp:paragraph -->\n\n<!-- wp:paragraph -->\n<p>Ho\u00e0n t\u1ea5t thanh to\u00e1n: Ph\u1ea7n c\u00f2n l\u1ea1i c\u1ee7a t\u1ed5ng gi\u00e1 tr\u1ecb \u0111\u1eb7t ph\u00f2ng c\u1ea7n \u0111\u01b0\u1ee3c thanh to\u00e1n tr\u01b0\u1edbc ng\u00e0y nh\u1eadn ph\u00f2ng ho\u1eb7c khi l\u00e0m th\u1ee7 t\u1ee5c check-in, t\u00f9y theo ch\u00ednh s\u00e1ch \u00e1p d\u1ee5ng cho t\u1eebng lo\u1ea1i ph\u00f2ng.<\/p>\n<!-- \/wp:paragraph -->\n\n<!-- wp:paragraph -->\n<p>No-show: Tr\u01b0\u1eddng h\u1ee3p kh\u00e1ch kh\u00f4ng \u0111\u1ebfn nh\u1eadn ph\u00f2ng m\u00e0 kh\u00f4ng th\u00f4ng b\u00e1o tr\u01b0\u1edbc (no-show), ch\u00fang t\u00f4i s\u1ebd \u00e1p d\u1ee5ng m\u1ee9c ph\u00ed ph\u1ea1t t\u01b0\u01a1ng \u1ee9ng v\u00e0 kh\u00f4ng ho\u00e0n l\u1ea1i s\u1ed1 ti\u1ec1n \u0111\u00e3 thanh to\u00e1n.<\/p>\n<!-- \/wp:paragraph -->\n\n<!-- wp:paragraph -->\n<p><strong><em>3. Ch\u00ednh S\u00e1ch B\u1ea3o M\u1eadt Th\u00f4ng Tin Thanh To\u00e1n<\/em><\/strong><\/p>\n<!-- \/wp:paragraph -->\n\n<!-- wp:paragraph -->\n<p>Ch\u00fang t\u00f4i kh\u00f4ng l\u01b0u tr\u1eef tr\u1ef1c ti\u1ebfp th\u00f4ng tin th\u1ebb\/t\u00e0i kho\u1ea3n ng\u00e2n h\u00e0ng c\u1ee7a kh\u00e1ch h\u00e0ng.<\/p>\n<!-- \/wp:paragraph -->\n\n<!-- wp:paragraph -->\n<p>T\u1ea5t c\u1ea3 giao d\u1ecbch \u0111\u01b0\u1ee3c th\u1ef1c hi\u1ec7n th\u00f4ng qua c\u1ed5ng thanh to\u00e1n \u0111\u01b0\u1ee3c m\u00e3 h\u00f3a v\u00e0 ch\u1ee9ng nh\u1eadn b\u1ea3o m\u1eadt theo ti\u00eau chu\u1ea9n ng\u00e0nh t\u00e0i ch\u00ednh ng\u00e2n h\u00e0ng.<\/p>\n<!-- \/wp:paragraph -->\n\n<!-- wp:paragraph -->\n<p>Ch\u00fang t\u00f4i \u00e1p d\u1ee5ng c\u01a1 ch\u1ebf token h\u00f3a \u2013 ch\u1ec9 l\u01b0u chu\u1ed7i m\u00e3 h\u00f3a t\u1eeb c\u1ed5ng thanh to\u00e1n (n\u1ebfu c\u00f3), gi\u00fap \u0111\u1ea3m b\u1ea3o an to\u00e0n tuy\u1ec7t \u0111\u1ed1i.<\/p>\n<!-- \/wp:paragraph -->\n\n<!-- wp:paragraph -->\n<p><strong><em>4. H\u00f3a \u0110\u01a1n v\u00e0 Ho\u00e0n Ti\u1ec1n<\/em><\/strong><\/p>\n<!-- \/wp:paragraph -->\n\n<!-- wp:paragraph -->\n<p>H\u00f3a \u0111\u01a1n VAT: Cung c\u1ea5p theo y\u00eau c\u1ea7u. Qu\u00fd kh\u00e1ch vui l\u00f2ng b\u00e1o tr\u01b0\u1edbc v\u00e0 cung c\u1ea5p th\u00f4ng tin \u0111\u1ea7y \u0111\u1ee7.<\/p>\n<!-- \/wp:paragraph -->\n\n<!-- wp:paragraph -->\n<p>Ho\u00e0n ti\u1ec1n (n\u1ebfu c\u00f3): \u00c1p d\u1ee5ng theo ch\u00ednh s\u00e1ch h\u1ee7y ph\u00f2ng c\u1ee7a kh\u00e1ch s\u1ea1n. S\u1ed1 ti\u1ec1n s\u1ebd \u0111\u01b0\u1ee3c ho\u00e0n l\u1ea1i trong v\u00f2ng t\u1ed1i \u0111a 30 ng\u00e0y l\u00e0m vi\u1ec7c qua ph\u01b0\u01a1ng th\u1ee9c thanh to\u00e1n ban \u0111\u1ea7u.<\/p>\n<!-- \/wp:paragraph -->\n\n<!-- wp:paragraph -->\n<p><\/p>\n<!-- \/wp:paragraph -->\t\t\t\t\t\t<\/div>\n\t\t\t\t<\/div>\n\t\t\t\t\t<\/div>\n\t\t\t\t<\/div>\n\t\t\t\t\t\t\t<\/div>","protected":false},"excerpt":{"rendered":"<p>Ch\u00fang t\u00f4i cam k\u1ebft mang \u0111\u1ebfn cho Qu\u00fd kh\u00e1ch quy tr\u00ecnh thanh to\u00e1n minh b\u1ea1ch, an to\u00e0n v\u00e0 thu\u1eadn ti\u1ec7n. Vui l\u00f2ng tham kh\u1ea3o c\u00e1c h\u00ecnh th\u1ee9c v\u00e0 quy \u0111\u1ecbnh thanh to\u00e1n d\u01b0\u1edbi \u0111\u00e2y: 1. H\u00ecnh Th\u1ee9c Thanh To\u00e1n 1.1. Thanh to\u00e1n tr\u1ef1c tuy\u1ebfn qua th\u1ebb Qu\u00fd kh\u00e1ch c\u00f3 th\u1ec3 thanh to\u00e1n d\u1ec5 d\u00e0ng qua [&hellip;]<\/p>","protected":false},"author":3,"featured_media":0,"parent":0,"menu_order":0,"comment_status":"closed","ping_status":"closed","template":"elementor_theme","meta":{"footnotes":""},"class_list":["post-2470","page","type-page","status-publish","hentry"],"acf":[],"yoast_head":"<!-- This site is optimized with the Yoast SEO plugin v22.1 - https:\/\/yoast.com\/wordpress\/plugins\/seo\/ -->\n<title>Ch\u00ednh s\u00e1ch thanh to\u00e1n - Paracel Beach Hotel Da Nang<\/title>\n<meta name=\"robots\" content=\"index, follow, max-snippet:-1, max-image-preview:large, max-video-preview:-1\" \/>\n<link rel=\"canonical\" href=\"https:\/\/paracelbeachhotel.com\/kr\/chinh-sach-thanh-toan\/\" \/>\n<meta property=\"og:locale\" content=\"ko_KR\" \/>\n<meta property=\"og:type\" content=\"article\" \/>\n<meta property=\"og:title\" content=\"Ch\u00ednh s\u00e1ch thanh to\u00e1n - Paracel Beach Hotel Da Nang\" \/>\n<meta property=\"og:description\" content=\"Ch\u00fang t\u00f4i cam k\u1ebft mang \u0111\u1ebfn cho Qu\u00fd kh\u00e1ch quy tr\u00ecnh thanh to\u00e1n minh b\u1ea1ch, an to\u00e0n v\u00e0 thu\u1eadn ti\u1ec7n. Vui l\u00f2ng tham kh\u1ea3o c\u00e1c h\u00ecnh th\u1ee9c v\u00e0 quy \u0111\u1ecbnh thanh to\u00e1n d\u01b0\u1edbi \u0111\u00e2y: 1. H\u00ecnh Th\u1ee9c Thanh To\u00e1n 1.1. Thanh to\u00e1n tr\u1ef1c tuy\u1ebfn qua th\u1ebb Qu\u00fd kh\u00e1ch c\u00f3 th\u1ec3 thanh to\u00e1n d\u1ec5 d\u00e0ng qua [&hellip;]\" \/>\n<meta property=\"og:url\" content=\"https:\/\/paracelbeachhotel.com\/kr\/chinh-sach-thanh-toan\/\" \/>\n<meta property=\"og:site_name\" content=\"Paracel Beach Hotel Da Nang\" \/>\n<meta property=\"article:modified_time\" content=\"2025-05-16T09:13:08+00:00\" \/>\n<meta name=\"twitter:card\" content=\"summary_large_image\" \/>\n<meta name=\"twitter:label1\" content=\"Est. reading time\" \/>\n\t<meta name=\"twitter:data1\" content=\"3\ubd84\" \/>\n<script type=\"application\/ld+json\" class=\"yoast-schema-graph\">{\"@context\":\"https:\/\/schema.org\",\"@graph\":[{\"@type\":\"WebPage\",\"@id\":\"https:\/\/paracelbeachhotel.com\/chinh-sach-thanh-toan\/\",\"url\":\"https:\/\/paracelbeachhotel.com\/chinh-sach-thanh-toan\/\",\"name\":\"Ch\u00ednh s\u00e1ch thanh to\u00e1n - Paracel Beach Hotel Da Nang\",\"isPartOf\":{\"@id\":\"https:\/\/paracelbeachhotel.com\/#website\"},\"datePublished\":\"2025-05-15T09:06:43+00:00\",\"dateModified\":\"2025-05-16T09:13:08+00:00\",\"breadcrumb\":{\"@id\":\"https:\/\/paracelbeachhotel.com\/chinh-sach-thanh-toan\/#breadcrumb\"},\"inLanguage\":\"ko-KR\",\"potentialAction\":[{\"@type\":\"ReadAction\",\"target\":[\"https:\/\/paracelbeachhotel.com\/chinh-sach-thanh-toan\/\"]}]},{\"@type\":\"BreadcrumbList\",\"@id\":\"https:\/\/paracelbeachhotel.com\/chinh-sach-thanh-toan\/#breadcrumb\",\"itemListElement\":[{\"@type\":\"ListItem\",\"position\":1,\"name\":\"Home\",\"item\":\"https:\/\/paracelbeachhotel.com\/\"},{\"@type\":\"ListItem\",\"position\":2,\"name\":\"Ch\u00ednh s\u00e1ch thanh to\u00e1n\"}]},{\"@type\":\"WebSite\",\"@id\":\"https:\/\/paracelbeachhotel.com\/#website\",\"url\":\"https:\/\/paracelbeachhotel.com\/\",\"name\":\"Paracel Beach Hotel Da Nang\",\"description\":\"T\u1eacN H\u01af\u1edeNG K\u1ef2 NGH\u1ec8 V\u00c0NG\",\"publisher\":{\"@id\":\"https:\/\/paracelbeachhotel.com\/#organization\"},\"potentialAction\":[{\"@type\":\"SearchAction\",\"target\":{\"@type\":\"EntryPoint\",\"urlTemplate\":\"https:\/\/paracelbeachhotel.com\/?s={search_term_string}\"},\"query-input\":\"required name=search_term_string\"}],\"inLanguage\":\"ko-KR\"},{\"@type\":\"Organization\",\"@id\":\"https:\/\/paracelbeachhotel.com\/#organization\",\"name\":\"Paracel Beach Hotel Da Nang\",\"url\":\"https:\/\/paracelbeachhotel.com\/\",\"logo\":{\"@type\":\"ImageObject\",\"inLanguage\":\"ko-KR\",\"@id\":\"https:\/\/paracelbeachhotel.com\/#\/schema\/logo\/image\/\",\"url\":\"https:\/\/paracelbeachhotel.com\/wp-content\/uploads\/2024\/02\/cropped-Paracel-Logo.png\",\"contentUrl\":\"https:\/\/paracelbeachhotel.com\/wp-content\/uploads\/2024\/02\/cropped-Paracel-Logo.png\",\"width\":363,\"height\":210,\"caption\":\"Paracel Beach Hotel Da Nang\"},\"image\":{\"@id\":\"https:\/\/paracelbeachhotel.com\/#\/schema\/logo\/image\/\"}}]}<\/script>\n<!-- \/ Yoast SEO plugin. -->","yoast_head_json":{"title":"Ch\u00ednh s\u00e1ch thanh to\u00e1n - Paracel Beach Hotel Da Nang","robots":{"index":"index","follow":"follow","max-snippet":"max-snippet:-1","max-image-preview":"max-image-preview:large","max-video-preview":"max-video-preview:-1"},"canonical":"https:\/\/paracelbeachhotel.com\/kr\/chinh-sach-thanh-toan\/","og_locale":"ko_KR","og_type":"article","og_title":"Ch\u00ednh s\u00e1ch thanh to\u00e1n - Paracel Beach Hotel Da Nang","og_description":"Ch\u00fang t\u00f4i cam k\u1ebft mang \u0111\u1ebfn cho Qu\u00fd kh\u00e1ch quy tr\u00ecnh thanh to\u00e1n minh b\u1ea1ch, an to\u00e0n v\u00e0 thu\u1eadn ti\u1ec7n. Vui l\u00f2ng tham kh\u1ea3o c\u00e1c h\u00ecnh th\u1ee9c v\u00e0 quy \u0111\u1ecbnh thanh to\u00e1n d\u01b0\u1edbi \u0111\u00e2y: 1. H\u00ecnh Th\u1ee9c Thanh To\u00e1n 1.1. Thanh to\u00e1n tr\u1ef1c tuy\u1ebfn qua th\u1ebb Qu\u00fd kh\u00e1ch c\u00f3 th\u1ec3 thanh to\u00e1n d\u1ec5 d\u00e0ng qua [&hellip;]","og_url":"https:\/\/paracelbeachhotel.com\/kr\/chinh-sach-thanh-toan\/","og_site_name":"Paracel Beach Hotel Da Nang","article_modified_time":"2025-05-16T09:13:08+00:00","twitter_card":"summary_large_image","twitter_misc":{"Est. reading time":"3\ubd84"},"schema":{"@context":"https:\/\/schema.org","@graph":[{"@type":"WebPage","@id":"https:\/\/paracelbeachhotel.com\/chinh-sach-thanh-toan\/","url":"https:\/\/paracelbeachhotel.com\/chinh-sach-thanh-toan\/","name":"Ch\u00ednh s\u00e1ch thanh to\u00e1n - Paracel Beach Hotel Da Nang","isPartOf":{"@id":"https:\/\/paracelbeachhotel.com\/#website"},"datePublished":"2025-05-15T09:06:43+00:00","dateModified":"2025-05-16T09:13:08+00:00","breadcrumb":{"@id":"https:\/\/paracelbeachhotel.com\/chinh-sach-thanh-toan\/#breadcrumb"},"inLanguage":"ko-KR","potentialAction":[{"@type":"ReadAction","target":["https:\/\/paracelbeachhotel.com\/chinh-sach-thanh-toan\/"]}]},{"@type":"BreadcrumbList","@id":"https:\/\/paracelbeachhotel.com\/chinh-sach-thanh-toan\/#breadcrumb","itemListElement":[{"@type":"ListItem","position":1,"name":"Home","item":"https:\/\/paracelbeachhotel.com\/"},{"@type":"ListItem","position":2,"name":"Ch\u00ednh s\u00e1ch thanh to\u00e1n"}]},{"@type":"WebSite","@id":"https:\/\/paracelbeachhotel.com\/#website","url":"https:\/\/paracelbeachhotel.com\/","name":"Paracel Beach Hotel Da Nang","description":"T\u1eacN H\u01af\u1edeNG K\u1ef2 NGH\u1ec8 V\u00c0NG","publisher":{"@id":"https:\/\/paracelbeachhotel.com\/#organization"},"potentialAction":[{"@type":"SearchAction","target":{"@type":"EntryPoint","urlTemplate":"https:\/\/paracelbeachhotel.com\/?s={search_term_string}"},"query-input":"required name=search_term_string"}],"inLanguage":"ko-KR"},{"@type":"Organization","@id":"https:\/\/paracelbeachhotel.com\/#organization","name":"Paracel Beach Hotel Da Nang","url":"https:\/\/paracelbeachhotel.com\/","logo":{"@type":"ImageObject","inLanguage":"ko-KR","@id":"https:\/\/paracelbeachhotel.com\/#\/schema\/logo\/image\/","url":"https:\/\/paracelbeachhotel.com\/wp-content\/uploads\/2024\/02\/cropped-Paracel-Logo.png","contentUrl":"https:\/\/paracelbeachhotel.com\/wp-content\/uploads\/2024\/02\/cropped-Paracel-Logo.png","width":363,"height":210,"caption":"Paracel Beach Hotel Da Nang"},"image":{"@id":"https:\/\/paracelbeachhotel.com\/#\/schema\/logo\/image\/"}}]}},"_links":{"self":[{"href":"https:\/\/paracelbeachhotel.com\/kr\/wp-json\/wp\/v2\/pages\/2470","targetHints":{"allow":["GET"]}}],"collection":[{"href":"https:\/\/paracelbeachhotel.com\/kr\/wp-json\/wp\/v2\/pages"}],"about":[{"href":"https:\/\/paracelbeachhotel.com\/kr\/wp-json\/wp\/v2\/types\/page"}],"author":[{"embeddable":true,"href":"https:\/\/paracelbeachhotel.com\/kr\/wp-json\/wp\/v2\/users\/3"}],"replies":[{"embeddable":true,"href":"https:\/\/paracelbeachhotel.com\/kr\/wp-json\/wp\/v2\/comments?post=2470"}],"version-history":[{"count":8,"href":"https:\/\/paracelbeachhotel.com\/kr\/wp-json\/wp\/v2\/pages\/2470\/revisions"}],"predecessor-version":[{"id":2499,"href":"https:\/\/paracelbeachhotel.com\/kr\/wp-json\/wp\/v2\/pages\/2470\/revisions\/2499"}],"wp:attachment":[{"href":"https:\/\/paracelbeachhotel.com\/kr\/wp-json\/wp\/v2\/media?parent=2470"}],"curies":[{"name":"wp","href":"https:\/\/api.w.org\/{rel}","templated":true}]}}